{"id":114,"date":"2021-09-05T17:22:03","date_gmt":"2021-09-05T15:22:03","guid":{"rendered":"https:\/\/www3.adoro-drums.com\/?page_id=114"},"modified":"2024-04-02T15:14:54","modified_gmt":"2024-04-02T13:14:54","slug":"symphonie","status":"publish","type":"page","link":"https:\/\/www.adoro-drums.de\/en\/symphonie\/","title":{"rendered":"symphonie"},"content":{"rendered":"<div data-elementor-type=\"wp-page\" data-elementor-id=\"114\" class=\"elementor elementor-114\" data-elementor-post-type=\"page\">\n\t\t\t\t\t\t<section class=\"has_eae_slider elementor-section elementor-top-section elementor-element elementor-element-e90b2f1 elementor-section-boxed elementor-section-height-default elementor-section-height-default\" data-eae-slider=\"18236\" data-id=\"e90b2f1\" data-element_type=\"section\">\n\t\t\t\t\t\t<div class=\"elementor-container elementor-column-gap-default\">\n\t\t\t\t\t<div class=\"has_eae_slider elementor-column elementor-col-100 elementor-top-column elementor-element elementor-element-27e45b7\" data-eae-slider=\"42415\" data-id=\"27e45b7\" data-element_type=\"column\">\n\t\t\t<div class=\"elementor-widget-wrap elementor-element-populated\">\n\t\t\t\t\t\t<div class=\"elementor-element elementor-element-09d6c34 elementor-widget elementor-widget-spacer\" data-id=\"09d6c34\" data-element_type=\"widget\" data-widget_type=\"spacer.default\">\n\t\t\t\t<div class=\"elementor-widget-container\">\n\t\t\t\t\t\t\t<div class=\"elementor-spacer\">\n\t\t\t<div class=\"elementor-spacer-inner\"><\/div>\n\t\t<\/div>\n\t\t\t\t\t\t<\/div>\n\t\t\t\t<\/div>\n\t\t\t\t<div class=\"elementor-element elementor-element-978ea57 elementor-widget elementor-widget-heading\" data-id=\"978ea57\" data-element_type=\"widget\" data-widget_type=\"heading.default\">\n\t\t\t\t<div class=\"elementor-widget-container\">\n\t\t\t\t\t<h1 class=\"elementor-heading-title elementor-size-default\">Symphonie Series  <\/h1>\t\t\t\t<\/div>\n\t\t\t\t<\/div>\n\t\t\t\t<div class=\"elementor-element elementor-element-7513110 elementor-widget elementor-widget-spacer\" data-id=\"7513110\" data-element_type=\"widget\" data-widget_type=\"spacer.default\">\n\t\t\t\t<div class=\"elementor-widget-container\">\n\t\t\t\t\t\t\t<div class=\"elementor-spacer\">\n\t\t\t<div class=\"elementor-spacer-inner\"><\/div>\n\t\t<\/div>\n\t\t\t\t\t\t<\/div>\n\t\t\t\t<\/div>\n\t\t\t\t\t<\/div>\n\t\t<\/div>\n\t\t\t\t\t<\/div>\n\t\t<\/section>\n\t\t\t\t<section class=\"has_eae_slider elementor-section elementor-top-section elementor-element elementor-element-f067338 elementor-section-boxed elementor-section-height-default elementor-section-height-default\" data-eae-slider=\"66624\" data-id=\"f067338\" data-element_type=\"section\">\n\t\t\t\t\t\t<div class=\"elementor-container elementor-column-gap-default\">\n\t\t\t\t\t<div class=\"has_eae_slider elementor-column elementor-col-100 elementor-top-column elementor-element elementor-element-47ab3d5\" data-eae-slider=\"91684\" data-id=\"47ab3d5\" data-element_type=\"column\">\n\t\t\t<div class=\"elementor-widget-wrap elementor-element-populated\">\n\t\t\t\t\t\t<div class=\"elementor-element elementor-element-6df90a6 elementor-widget elementor-widget-image\" data-id=\"6df90a6\" data-element_type=\"widget\" data-widget_type=\"image.default\">\n\t\t\t\t<div class=\"elementor-widget-container\">\n\t\t\t\t\t\t\t\t\t\t\t\t\t\t\t<img fetchpriority=\"high\" decoding=\"async\" width=\"720\" height=\"569\" src=\"https:\/\/www.adoro-drums.de\/wp-content\/uploads\/2021\/09\/walnutcitylights.jpg\" class=\"attachment-large size-large wp-image-379\" alt=\"\" srcset=\"https:\/\/www.adoro-drums.de\/wp-content\/uploads\/2021\/09\/walnutcitylights.jpg 720w, https:\/\/www.adoro-drums.de\/wp-content\/uploads\/2021\/09\/walnutcitylights-300x237.jpg 300w, https:\/\/www.adoro-drums.de\/wp-content\/uploads\/2021\/09\/walnutcitylights-15x12.jpg 15w\" sizes=\"(max-width: 720px) 100vw, 720px\" \/>\t\t\t\t\t\t\t\t\t\t\t\t\t\t\t<\/div>\n\t\t\t\t<\/div>\n\t\t\t\t\t<\/div>\n\t\t<\/div>\n\t\t\t\t\t<\/div>\n\t\t<\/section>\n\t\t\t\t<section class=\"has_eae_slider elementor-section elementor-top-section elementor-element elementor-element-ec045d0 elementor-section-boxed elementor-section-height-default elementor-section-height-default\" data-eae-slider=\"40111\" data-id=\"ec045d0\" data-element_type=\"section\">\n\t\t\t\t\t\t<div class=\"elementor-container elementor-column-gap-default\">\n\t\t\t\t\t<div class=\"has_eae_slider elementor-column elementor-col-100 elementor-top-column elementor-element elementor-element-816f717\" data-eae-slider=\"75851\" data-id=\"816f717\" data-element_type=\"column\">\n\t\t\t<div class=\"elementor-widget-wrap elementor-element-populated\">\n\t\t\t\t\t\t<div class=\"elementor-element elementor-element-eddc9ef elementor-widget elementor-widget-text-editor\" data-id=\"eddc9ef\" data-element_type=\"widget\" data-widget_type=\"text-editor.default\">\n\t\t\t\t<div class=\"elementor-widget-container\">\n\t\t\t\t\t\t\t\t\t<p style=\"text-align: left;\">The demands placed on instruments for the symphony orchestra have always been exceptional.<\/p>\n<p style=\"text-align: left;\">Based on the Worship Series shells, we have developed a drum kit that has successfully exceeded all expectations.<\/p>\n<p style=\"text-align: left;\">Equipped with the best available synthetic calf heads, a symphonic three-way strainer, built by one of the world's best drum makers, this is truly a work of art.<br><\/p>\n<p><img decoding=\"async\" class=\"alignnone size-medium wp-image-1517\" src=\"http:\/\/www3.adoro-drums.com\/wp-content\/uploads\/2021\/09\/symphonie-series-profile-300x165.png\" alt=\"\" width=\"300\" height=\"165\" srcset=\"https:\/\/www.adoro-drums.de\/wp-content\/uploads\/2021\/09\/symphonie-series-profile-300x165.png 300w, https:\/\/www.adoro-drums.de\/wp-content\/uploads\/2021\/09\/symphonie-series-profile-1024x564.png 1024w, https:\/\/www.adoro-drums.de\/wp-content\/uploads\/2021\/09\/symphonie-series-profile-768x423.png 768w, https:\/\/www.adoro-drums.de\/wp-content\/uploads\/2021\/09\/symphonie-series-profile-18x10.png 18w, https:\/\/www.adoro-drums.de\/wp-content\/uploads\/2021\/09\/symphonie-series-profile.png 1068w\" sizes=\"(max-width: 300px) 100vw, 300px\" \/><\/p>\t\t\t\t\t\t\t\t<\/div>\n\t\t\t\t<\/div>\n\t\t\t\t\t<\/div>\n\t\t<\/div>\n\t\t\t\t\t<\/div>\n\t\t<\/section>\n\t\t\t\t<section class=\"has_eae_slider elementor-section elementor-top-section elementor-element elementor-element-72c9d6c elementor-section-boxed elementor-section-height-default elementor-section-height-default\" data-eae-slider=\"47039\" data-id=\"72c9d6c\" data-element_type=\"section\">\n\t\t\t\t\t\t<div class=\"elementor-container elementor-column-gap-default\">\n\t\t\t\t\t<div class=\"has_eae_slider elementor-column elementor-col-100 elementor-top-column elementor-element elementor-element-c615664\" data-eae-slider=\"95821\" data-id=\"c615664\" data-element_type=\"column\">\n\t\t\t<div class=\"elementor-widget-wrap elementor-element-populated\">\n\t\t\t\t\t\t<div class=\"elementor-element elementor-element-3178eb0 elementor-widget elementor-widget-spacer\" data-id=\"3178eb0\" data-element_type=\"widget\" data-widget_type=\"spacer.default\">\n\t\t\t\t<div class=\"elementor-widget-container\">\n\t\t\t\t\t\t\t<div class=\"elementor-spacer\">\n\t\t\t<div class=\"elementor-spacer-inner\"><\/div>\n\t\t<\/div>\n\t\t\t\t\t\t<\/div>\n\t\t\t\t<\/div>\n\t\t\t\t<div class=\"elementor-element elementor-element-3da0a1c elementor-widget elementor-widget-image\" data-id=\"3da0a1c\" data-element_type=\"widget\" data-widget_type=\"image.default\">\n\t\t\t\t<div class=\"elementor-widget-container\">\n\t\t\t\t\t\t\t\t\t\t\t\t\t\t\t<img decoding=\"async\" width=\"796\" height=\"140\" src=\"https:\/\/www.adoro-drums.de\/wp-content\/uploads\/2021\/09\/drums-for-exceptional-artists.png\" class=\"attachment-full size-full wp-image-409\" alt=\"\" srcset=\"https:\/\/www.adoro-drums.de\/wp-content\/uploads\/2021\/09\/drums-for-exceptional-artists.png 796w, https:\/\/www.adoro-drums.de\/wp-content\/uploads\/2021\/09\/drums-for-exceptional-artists-300x53.png 300w, https:\/\/www.adoro-drums.de\/wp-content\/uploads\/2021\/09\/drums-for-exceptional-artists-768x135.png 768w, https:\/\/www.adoro-drums.de\/wp-content\/uploads\/2021\/09\/drums-for-exceptional-artists-18x3.png 18w\" sizes=\"(max-width: 796px) 100vw, 796px\" \/>\t\t\t\t\t\t\t\t\t\t\t\t\t\t\t<\/div>\n\t\t\t\t<\/div>\n\t\t\t\t<div class=\"elementor-element elementor-element-8880732 elementor-widget elementor-widget-spacer\" data-id=\"8880732\" data-element_type=\"widget\" data-widget_type=\"spacer.default\">\n\t\t\t\t<div class=\"elementor-widget-container\">\n\t\t\t\t\t\t\t<div class=\"elementor-spacer\">\n\t\t\t<div class=\"elementor-spacer-inner\"><\/div>\n\t\t<\/div>\n\t\t\t\t\t\t<\/div>\n\t\t\t\t<\/div>\n\t\t\t\t\t<\/div>\n\t\t<\/div>\n\t\t\t\t\t<\/div>\n\t\t<\/section>\n\t\t\t\t<\/div>","protected":false},"excerpt":{"rendered":"<p>Symphonie Series Die Anforderungen an Instrumente f\u00fcr das Sinfonieorchester waren schon immer au\u00dfergew\u00f6hnlich. Basierend auf den Kesseln der Worship-Serie haben wir ein Schlagzeug entwickelt, das alle Erwartungen erfolgreich \u00fcbertroffen hat. Ausgestattet mit den besten synthetischen Kalbsfellen auf dem Markt, einer symphonischen Drei-Wege-Abhebung, gebaut von einem der weltbesten Trommelbauer, ist dieses Set wirklich ein Kunstwerk.<\/p>","protected":false},"author":1,"featured_media":0,"parent":0,"menu_order":0,"comment_status":"closed","ping_status":"closed","template":"","meta":{"footnotes":""},"class_list":["post-114","page","type-page","status-publish","hentry"],"_links":{"self":[{"href":"https:\/\/www.adoro-drums.de\/en\/wp-json\/wp\/v2\/pages\/114","targetHints":{"allow":["GET"]}}],"collection":[{"href":"https:\/\/www.adoro-drums.de\/en\/wp-json\/wp\/v2\/pages"}],"about":[{"href":"https:\/\/www.adoro-drums.de\/en\/wp-json\/wp\/v2\/types\/page"}],"author":[{"embeddable":true,"href":"https:\/\/www.adoro-drums.de\/en\/wp-json\/wp\/v2\/users\/1"}],"replies":[{"embeddable":true,"href":"https:\/\/www.adoro-drums.de\/en\/wp-json\/wp\/v2\/comments?post=114"}],"version-history":[{"count":25,"href":"https:\/\/www.adoro-drums.de\/en\/wp-json\/wp\/v2\/pages\/114\/revisions"}],"predecessor-version":[{"id":3095,"href":"https:\/\/www.adoro-drums.de\/en\/wp-json\/wp\/v2\/pages\/114\/revisions\/3095"}],"wp:attachment":[{"href":"https:\/\/www.adoro-drums.de\/en\/wp-json\/wp\/v2\/media?parent=114"}],"curies":[{"name":"wp","href":"https:\/\/api.w.org\/{rel}","templated":true}]}}