{"id":134,"date":"2021-09-05T17:44:36","date_gmt":"2021-09-05T15:44:36","guid":{"rendered":"https:\/\/www3.adoro-drums.com\/?page_id=134"},"modified":"2021-10-13T10:42:37","modified_gmt":"2021-10-13T08:42:37","slug":"symphonie-heads","status":"publish","type":"page","link":"https:\/\/www.adoro-drums.de\/en\/symphonie-heads\/","title":{"rendered":"symphonie heads"},"content":{"rendered":"<div data-elementor-type=\"wp-page\" data-elementor-id=\"134\" class=\"elementor elementor-134\" data-elementor-post-type=\"page\">\n\t\t\t\t\t\t<section class=\"has_eae_slider elementor-section elementor-top-section elementor-element elementor-element-352d78c elementor-section-boxed elementor-section-height-default elementor-section-height-default\" data-eae-slider=\"51585\" data-id=\"352d78c\" data-element_type=\"section\">\n\t\t\t\t\t\t<div class=\"elementor-container elementor-column-gap-default\">\n\t\t\t\t\t<div class=\"has_eae_slider elementor-column elementor-col-100 elementor-top-column elementor-element elementor-element-a129e25\" data-eae-slider=\"86533\" data-id=\"a129e25\" data-element_type=\"column\">\n\t\t\t<div class=\"elementor-widget-wrap elementor-element-populated\">\n\t\t\t\t\t\t<div class=\"elementor-element elementor-element-5e9c5d8 elementor-widget elementor-widget-spacer\" data-id=\"5e9c5d8\" data-element_type=\"widget\" data-widget_type=\"spacer.default\">\n\t\t\t\t<div class=\"elementor-widget-container\">\n\t\t\t\t\t\t\t<div class=\"elementor-spacer\">\n\t\t\t<div class=\"elementor-spacer-inner\"><\/div>\n\t\t<\/div>\n\t\t\t\t\t\t<\/div>\n\t\t\t\t<\/div>\n\t\t\t\t<div class=\"elementor-element elementor-element-2a2fab6 elementor-widget elementor-widget-heading\" data-id=\"2a2fab6\" data-element_type=\"widget\" data-widget_type=\"heading.default\">\n\t\t\t\t<div class=\"elementor-widget-container\">\n\t\t\t\t\t<h1 class=\"elementor-heading-title elementor-size-default\">Adoro Symphonie by LITIK <\/h1>\t\t\t\t<\/div>\n\t\t\t\t<\/div>\n\t\t\t\t<div class=\"elementor-element elementor-element-3a871ea elementor-widget elementor-widget-image\" data-id=\"3a871ea\" data-element_type=\"widget\" data-widget_type=\"image.default\">\n\t\t\t\t<div class=\"elementor-widget-container\">\n\t\t\t\t\t\t\t\t\t\t\t\t\t\t\t<img fetchpriority=\"high\" decoding=\"async\" width=\"724\" height=\"492\" src=\"https:\/\/www.adoro-drums.de\/wp-content\/uploads\/2021\/09\/litik_felle.jpg\" class=\"attachment-full size-full wp-image-968\" alt=\"\" srcset=\"https:\/\/www.adoro-drums.de\/wp-content\/uploads\/2021\/09\/litik_felle.jpg 724w, https:\/\/www.adoro-drums.de\/wp-content\/uploads\/2021\/09\/litik_felle-300x204.jpg 300w, https:\/\/www.adoro-drums.de\/wp-content\/uploads\/2021\/09\/litik_felle-18x12.jpg 18w\" sizes=\"(max-width: 724px) 100vw, 724px\" \/>\t\t\t\t\t\t\t\t\t\t\t\t\t\t\t<\/div>\n\t\t\t\t<\/div>\n\t\t\t\t\t<\/div>\n\t\t<\/div>\n\t\t\t\t\t<\/div>\n\t\t<\/section>\n\t\t\t\t<section class=\"has_eae_slider elementor-section elementor-top-section elementor-element elementor-element-4a12a31 elementor-section-boxed elementor-section-height-default elementor-section-height-default\" data-eae-slider=\"3278\" data-id=\"4a12a31\" data-element_type=\"section\">\n\t\t\t\t\t\t<div class=\"elementor-container elementor-column-gap-default\">\n\t\t\t\t\t<div class=\"has_eae_slider elementor-column elementor-col-50 elementor-top-column elementor-element elementor-element-68c510d\" data-eae-slider=\"81413\" data-id=\"68c510d\" data-element_type=\"column\">\n\t\t\t<div class=\"elementor-widget-wrap elementor-element-populated\">\n\t\t\t\t\t\t<div class=\"elementor-element elementor-element-b614c31 elementor-widget elementor-widget-text-editor\" data-id=\"b614c31\" data-element_type=\"widget\" data-widget_type=\"text-editor.default\">\n\t\t\t\t<div class=\"elementor-widget-container\">\n\t\t\t\t\t\t\t\t\t<figure>Real calfskin, already raised and ready to play. The sound character is very warm, pronounced tone and little attack, which makes these heads the first choice, especially in bright-sounding rooms. Very easy to tune. Available in white (batter head) and transparent (resonance head, sensitive batter head)<\/figure>\t\t\t\t\t\t\t\t<\/div>\n\t\t\t\t<\/div>\n\t\t\t\t\t<\/div>\n\t\t<\/div>\n\t\t\t\t<div class=\"has_eae_slider elementor-column elementor-col-50 elementor-top-column elementor-element elementor-element-90c2163\" data-eae-slider=\"83532\" data-id=\"90c2163\" data-element_type=\"column\">\n\t\t\t<div class=\"elementor-widget-wrap elementor-element-populated\">\n\t\t\t\t\t\t<div class=\"elementor-element elementor-element-f4c14a0 elementor-widget elementor-widget-heading\" data-id=\"f4c14a0\" data-element_type=\"widget\" data-widget_type=\"heading.default\">\n\t\t\t\t<div class=\"elementor-widget-container\">\n\t\t\t\t\t<h2 class=\"elementor-heading-title elementor-size-default\"><h3 style=\"margin-right: 0px;margin-bottom: 20px;margin-left: 0px;, Arial, Helvetica, sans-serif;line-height: 1.2em;font-size: 20.3px;margin-top: 18px !important\">Adoro Symphonie by LITIK<\/h3><\/h2>\t\t\t\t<\/div>\n\t\t\t\t<\/div>\n\t\t\t\t\t<\/div>\n\t\t<\/div>\n\t\t\t\t\t<\/div>\n\t\t<\/section>\n\t\t\t\t<section class=\"has_eae_slider elementor-section elementor-top-section elementor-element elementor-element-1a0e95f3 elementor-section-boxed elementor-section-height-default elementor-section-height-default\" data-eae-slider=\"23764\" data-id=\"1a0e95f3\" data-element_type=\"section\">\n\t\t\t\t\t\t<div class=\"elementor-container elementor-column-gap-default\">\n\t\t\t\t\t<div class=\"has_eae_slider elementor-column elementor-col-100 elementor-top-column elementor-element elementor-element-3c9ae5fd\" data-eae-slider=\"94339\" data-id=\"3c9ae5fd\" data-element_type=\"column\">\n\t\t\t<div class=\"elementor-widget-wrap elementor-element-populated\">\n\t\t\t\t\t\t<div class=\"elementor-element elementor-element-69836b44 elementor-widget elementor-widget-spacer\" data-id=\"69836b44\" data-element_type=\"widget\" data-widget_type=\"spacer.default\">\n\t\t\t\t<div class=\"elementor-widget-container\">\n\t\t\t\t\t\t\t<div class=\"elementor-spacer\">\n\t\t\t<div class=\"elementor-spacer-inner\"><\/div>\n\t\t<\/div>\n\t\t\t\t\t\t<\/div>\n\t\t\t\t<\/div>\n\t\t\t\t<div class=\"elementor-element elementor-element-35306470 elementor-widget elementor-widget-image\" data-id=\"35306470\" data-element_type=\"widget\" data-widget_type=\"image.default\">\n\t\t\t\t<div class=\"elementor-widget-container\">\n\t\t\t\t\t\t\t\t\t\t\t\t\t\t\t<img decoding=\"async\" width=\"796\" height=\"140\" src=\"https:\/\/www.adoro-drums.de\/wp-content\/uploads\/2021\/09\/drums-for-exceptional-artists.png\" class=\"attachment-full size-full wp-image-409\" alt=\"\" srcset=\"https:\/\/www.adoro-drums.de\/wp-content\/uploads\/2021\/09\/drums-for-exceptional-artists.png 796w, https:\/\/www.adoro-drums.de\/wp-content\/uploads\/2021\/09\/drums-for-exceptional-artists-300x53.png 300w, https:\/\/www.adoro-drums.de\/wp-content\/uploads\/2021\/09\/drums-for-exceptional-artists-768x135.png 768w, https:\/\/www.adoro-drums.de\/wp-content\/uploads\/2021\/09\/drums-for-exceptional-artists-18x3.png 18w\" sizes=\"(max-width: 796px) 100vw, 796px\" \/>\t\t\t\t\t\t\t\t\t\t\t\t\t\t\t<\/div>\n\t\t\t\t<\/div>\n\t\t\t\t<div class=\"elementor-element elementor-element-6ccf6090 elementor-widget elementor-widget-spacer\" data-id=\"6ccf6090\" data-element_type=\"widget\" data-widget_type=\"spacer.default\">\n\t\t\t\t<div class=\"elementor-widget-container\">\n\t\t\t\t\t\t\t<div class=\"elementor-spacer\">\n\t\t\t<div class=\"elementor-spacer-inner\"><\/div>\n\t\t<\/div>\n\t\t\t\t\t\t<\/div>\n\t\t\t\t<\/div>\n\t\t\t\t\t<\/div>\n\t\t<\/div>\n\t\t\t\t\t<\/div>\n\t\t<\/section>\n\t\t\t\t<\/div>","protected":false},"excerpt":{"rendered":"<p>Adoro Symphonie by LITIK Echtes Kalbsfell, bereits aufgezogen und spielbereit. Der Klangcharakter ist sehr warm, ausgepr\u00e4gter Ton und wenig Attack, was diese Felle zur ersten Wahl macht besonders in hell klingenden R\u00e4umen. Sehr leicht stimmbar. Erh\u00e4ltlich in White (Schlagfell) und Transparent (Resonanzfell, sensibles Schlagfell) Adoro Symphonie by LITIK<\/p>","protected":false},"author":1,"featured_media":0,"parent":0,"menu_order":0,"comment_status":"closed","ping_status":"closed","template":"","meta":{"footnotes":""},"class_list":["post-134","page","type-page","status-publish","hentry"],"_links":{"self":[{"href":"https:\/\/www.adoro-drums.de\/en\/wp-json\/wp\/v2\/pages\/134","targetHints":{"allow":["GET"]}}],"collection":[{"href":"https:\/\/www.adoro-drums.de\/en\/wp-json\/wp\/v2\/pages"}],"about":[{"href":"https:\/\/www.adoro-drums.de\/en\/wp-json\/wp\/v2\/types\/page"}],"author":[{"embeddable":true,"href":"https:\/\/www.adoro-drums.de\/en\/wp-json\/wp\/v2\/users\/1"}],"replies":[{"embeddable":true,"href":"https:\/\/www.adoro-drums.de\/en\/wp-json\/wp\/v2\/comments?post=134"}],"version-history":[{"count":31,"href":"https:\/\/www.adoro-drums.de\/en\/wp-json\/wp\/v2\/pages\/134\/revisions"}],"predecessor-version":[{"id":2242,"href":"https:\/\/www.adoro-drums.de\/en\/wp-json\/wp\/v2\/pages\/134\/revisions\/2242"}],"wp:attachment":[{"href":"https:\/\/www.adoro-drums.de\/en\/wp-json\/wp\/v2\/media?parent=134"}],"curies":[{"name":"wp","href":"https:\/\/api.w.org\/{rel}","templated":true}]}}