{"id":2136,"date":"2021-10-12T16:25:37","date_gmt":"2021-10-12T14:25:37","guid":{"rendered":"https:\/\/www3.adoro-drums.com\/?page_id=2136"},"modified":"2021-10-14T12:26:31","modified_gmt":"2021-10-14T10:26:31","slug":"agb","status":"publish","type":"page","link":"https:\/\/www.adoro-drums.de\/en\/agb\/","title":{"rendered":"Terms &amp; Conditions"},"content":{"rendered":"<div data-elementor-type=\"wp-page\" data-elementor-id=\"2136\" class=\"elementor elementor-2136\" data-elementor-post-type=\"page\">\n\t\t\t\t\t\t<section class=\"has_eae_slider elementor-section elementor-top-section elementor-element elementor-element-264b5f0 elementor-section-boxed elementor-section-height-default elementor-section-height-default\" data-eae-slider=\"16757\" data-id=\"264b5f0\" data-element_type=\"section\">\n\t\t\t\t\t\t<div class=\"elementor-container elementor-column-gap-default\">\n\t\t\t\t\t<div class=\"has_eae_slider elementor-column elementor-col-100 elementor-top-column elementor-element elementor-element-87c1b29\" data-eae-slider=\"38614\" data-id=\"87c1b29\" data-element_type=\"column\">\n\t\t\t<div class=\"elementor-widget-wrap elementor-element-populated\">\n\t\t\t\t\t\t<div class=\"elementor-element elementor-element-cb90939 elementor-widget elementor-widget-spacer\" data-id=\"cb90939\" data-element_type=\"widget\" data-widget_type=\"spacer.default\">\n\t\t\t\t<div class=\"elementor-widget-container\">\n\t\t\t\t\t\t\t<div class=\"elementor-spacer\">\n\t\t\t<div class=\"elementor-spacer-inner\"><\/div>\n\t\t<\/div>\n\t\t\t\t\t\t<\/div>\n\t\t\t\t<\/div>\n\t\t\t\t<div class=\"elementor-element elementor-element-88f3da2 elementor-widget elementor-widget-heading\" data-id=\"88f3da2\" data-element_type=\"widget\" data-widget_type=\"heading.default\">\n\t\t\t\t<div class=\"elementor-widget-container\">\n\t\t\t\t\t<h1 class=\"elementor-heading-title elementor-size-default\">Terms &amp; Conditions<\/h1>\t\t\t\t<\/div>\n\t\t\t\t<\/div>\n\t\t\t\t<div class=\"elementor-element elementor-element-87f28e8 elementor-widget elementor-widget-spacer\" data-id=\"87f28e8\" data-element_type=\"widget\" data-widget_type=\"spacer.default\">\n\t\t\t\t<div class=\"elementor-widget-container\">\n\t\t\t\t\t\t\t<div class=\"elementor-spacer\">\n\t\t\t<div class=\"elementor-spacer-inner\"><\/div>\n\t\t<\/div>\n\t\t\t\t\t\t<\/div>\n\t\t\t\t<\/div>\n\t\t\t\t\t<\/div>\n\t\t<\/div>\n\t\t\t\t\t<\/div>\n\t\t<\/section>\n\t\t\t\t<section class=\"has_eae_slider elementor-section elementor-top-section elementor-element elementor-element-6d5e103a elementor-section-boxed elementor-section-height-default elementor-section-height-default\" data-eae-slider=\"9646\" data-id=\"6d5e103a\" data-element_type=\"section\">\n\t\t\t\t\t\t<div class=\"elementor-container elementor-column-gap-default\">\n\t\t\t\t\t<div class=\"has_eae_slider elementor-column elementor-col-100 elementor-top-column elementor-element elementor-element-45ee30dc\" data-eae-slider=\"37893\" data-id=\"45ee30dc\" data-element_type=\"column\">\n\t\t\t<div class=\"elementor-widget-wrap elementor-element-populated\">\n\t\t\t\t\t\t<div class=\"elementor-element elementor-element-1311a185 elementor-widget elementor-widget-text-editor\" data-id=\"1311a185\" data-element_type=\"widget\" data-widget_type=\"text-editor.default\">\n\t\t\t\t<div class=\"elementor-widget-container\">\n\t\t\t\t\t\t\t\t\t\n<p class=\" translation-block\">This website provides information about our products, but we do not have an online shop here, which means that you cannot enter into a contract with us here either. Therefore terms and conditions are obsolete. Our products can be purchased from the dealers listed here, their general terms and conditions apply.<\/p>\n\n\n\n<p>But while you're here on this page, we can tell you how awesome you are! Thank you for your loyalty and interest in our instruments. Without the word of mouth from our customers, we would not have been able to grow all these years. It is not easy to stand out without an advertising budget equal to an annual turnover; our customers are therefore our ambassadors. Without you we wouldn't exist. You rock!<\/p>\n\t\t\t\t\t\t\t\t<\/div>\n\t\t\t\t<\/div>\n\t\t\t\t\t<\/div>\n\t\t<\/div>\n\t\t\t\t\t<\/div>\n\t\t<\/section>\n\t\t\t\t<section class=\"has_eae_slider elementor-section elementor-top-section elementor-element elementor-element-1dd435fa elementor-section-boxed elementor-section-height-default elementor-section-height-default\" data-eae-slider=\"79988\" data-id=\"1dd435fa\" data-element_type=\"section\">\n\t\t\t\t\t\t<div class=\"elementor-container elementor-column-gap-default\">\n\t\t\t\t\t<div class=\"has_eae_slider elementor-column elementor-col-100 elementor-top-column elementor-element elementor-element-d893a59\" data-eae-slider=\"69069\" data-id=\"d893a59\" data-element_type=\"column\">\n\t\t\t<div class=\"elementor-widget-wrap elementor-element-populated\">\n\t\t\t\t\t\t<div class=\"elementor-element elementor-element-20c9c8f0 elementor-widget elementor-widget-spacer\" data-id=\"20c9c8f0\" data-element_type=\"widget\" data-widget_type=\"spacer.default\">\n\t\t\t\t<div class=\"elementor-widget-container\">\n\t\t\t\t\t\t\t<div class=\"elementor-spacer\">\n\t\t\t<div class=\"elementor-spacer-inner\"><\/div>\n\t\t<\/div>\n\t\t\t\t\t\t<\/div>\n\t\t\t\t<\/div>\n\t\t\t\t<div class=\"elementor-element elementor-element-6c29b53f elementor-widget elementor-widget-image\" data-id=\"6c29b53f\" data-element_type=\"widget\" data-widget_type=\"image.default\">\n\t\t\t\t<div class=\"elementor-widget-container\">\n\t\t\t\t\t\t\t\t\t\t\t\t\t\t\t<img fetchpriority=\"high\" decoding=\"async\" width=\"796\" height=\"140\" src=\"https:\/\/www.adoro-drums.de\/wp-content\/uploads\/2021\/09\/drums-for-exceptional-artists.png\" class=\"attachment-full size-full wp-image-409\" alt=\"\" srcset=\"https:\/\/www.adoro-drums.de\/wp-content\/uploads\/2021\/09\/drums-for-exceptional-artists.png 796w, https:\/\/www.adoro-drums.de\/wp-content\/uploads\/2021\/09\/drums-for-exceptional-artists-300x53.png 300w, https:\/\/www.adoro-drums.de\/wp-content\/uploads\/2021\/09\/drums-for-exceptional-artists-768x135.png 768w, https:\/\/www.adoro-drums.de\/wp-content\/uploads\/2021\/09\/drums-for-exceptional-artists-18x3.png 18w\" sizes=\"(max-width: 796px) 100vw, 796px\" \/>\t\t\t\t\t\t\t\t\t\t\t\t\t\t\t<\/div>\n\t\t\t\t<\/div>\n\t\t\t\t<div class=\"elementor-element elementor-element-5499ff8 elementor-widget elementor-widget-spacer\" data-id=\"5499ff8\" data-element_type=\"widget\" data-widget_type=\"spacer.default\">\n\t\t\t\t<div class=\"elementor-widget-container\">\n\t\t\t\t\t\t\t<div class=\"elementor-spacer\">\n\t\t\t<div class=\"elementor-spacer-inner\"><\/div>\n\t\t<\/div>\n\t\t\t\t\t\t<\/div>\n\t\t\t\t<\/div>\n\t\t\t\t\t<\/div>\n\t\t<\/div>\n\t\t\t\t\t<\/div>\n\t\t<\/section>\n\t\t\t\t<\/div>","protected":false},"excerpt":{"rendered":"<p>Terms &amp; Conditions Diese Website informiert \u00fcber unsere Produkte, wir haben hier aber keinen Online-Shop, das bedeutet, dass man hier auch keinen Vertrag mit uns eingehen kann. Daher sind AGBs obsolet. Unsere Produkte k\u00f6nnen \u00fcber die hier aufgelisteten H\u00e4ndler erstanden werden, es gelten deren allgemeine Gesch\u00e4ftsbedingungen. Aber wo ihr schon mal hier auf dieser Seite [&hellip;]<\/p>","protected":false},"author":1,"featured_media":0,"parent":0,"menu_order":0,"comment_status":"closed","ping_status":"closed","template":"","meta":{"footnotes":""},"class_list":["post-2136","page","type-page","status-publish","hentry"],"_links":{"self":[{"href":"https:\/\/www.adoro-drums.de\/en\/wp-json\/wp\/v2\/pages\/2136","targetHints":{"allow":["GET"]}}],"collection":[{"href":"https:\/\/www.adoro-drums.de\/en\/wp-json\/wp\/v2\/pages"}],"about":[{"href":"https:\/\/www.adoro-drums.de\/en\/wp-json\/wp\/v2\/types\/page"}],"author":[{"embeddable":true,"href":"https:\/\/www.adoro-drums.de\/en\/wp-json\/wp\/v2\/users\/1"}],"replies":[{"embeddable":true,"href":"https:\/\/www.adoro-drums.de\/en\/wp-json\/wp\/v2\/comments?post=2136"}],"version-history":[{"count":15,"href":"https:\/\/www.adoro-drums.de\/en\/wp-json\/wp\/v2\/pages\/2136\/revisions"}],"predecessor-version":[{"id":2580,"href":"https:\/\/www.adoro-drums.de\/en\/wp-json\/wp\/v2\/pages\/2136\/revisions\/2580"}],"wp:attachment":[{"href":"https:\/\/www.adoro-drums.de\/en\/wp-json\/wp\/v2\/media?parent=2136"}],"curies":[{"name":"wp","href":"https:\/\/api.w.org\/{rel}","templated":true}]}}