{"id":36,"date":"2021-09-05T12:12:04","date_gmt":"2021-09-05T10:12:04","guid":{"rendered":"https:\/\/www3.adoro-drums.com\/?page_id=36"},"modified":"2024-07-11T19:13:28","modified_gmt":"2024-07-11T17:13:28","slug":"city-lights","status":"publish","type":"page","link":"https:\/\/www.adoro-drums.de\/en\/city-lights\/","title":{"rendered":"city lights"},"content":{"rendered":"<div data-elementor-type=\"wp-page\" data-elementor-id=\"36\" class=\"elementor elementor-36\" data-elementor-post-type=\"page\">\n\t\t\t\t\t\t<section class=\"has_eae_slider elementor-section elementor-top-section elementor-element elementor-element-12088af elementor-section-boxed elementor-section-height-default elementor-section-height-default\" data-eae-slider=\"93907\" data-id=\"12088af\" data-element_type=\"section\">\n\t\t\t\t\t\t<div class=\"elementor-container elementor-column-gap-default\">\n\t\t\t\t\t<div class=\"has_eae_slider elementor-column elementor-col-100 elementor-top-column elementor-element elementor-element-0ccc85e\" data-eae-slider=\"98450\" data-id=\"0ccc85e\" data-element_type=\"column\">\n\t\t\t<div class=\"elementor-widget-wrap elementor-element-populated\">\n\t\t\t\t\t\t<div class=\"elementor-element elementor-element-cf4757b elementor-widget elementor-widget-spacer\" data-id=\"cf4757b\" data-element_type=\"widget\" data-widget_type=\"spacer.default\">\n\t\t\t\t<div class=\"elementor-widget-container\">\n\t\t\t\t\t\t\t<div class=\"elementor-spacer\">\n\t\t\t<div class=\"elementor-spacer-inner\"><\/div>\n\t\t<\/div>\n\t\t\t\t\t\t<\/div>\n\t\t\t\t<\/div>\n\t\t\t\t<div class=\"elementor-element elementor-element-57eef89 elementor-widget elementor-widget-heading\" data-id=\"57eef89\" data-element_type=\"widget\" data-widget_type=\"heading.default\">\n\t\t\t\t<div class=\"elementor-widget-container\">\n\t\t\t\t\t<h1 class=\"elementor-heading-title elementor-size-default\">City Lights <\/h1>\t\t\t\t<\/div>\n\t\t\t\t<\/div>\n\t\t\t\t<div class=\"elementor-element elementor-element-ead9bf8 elementor-widget elementor-widget-spacer\" data-id=\"ead9bf8\" data-element_type=\"widget\" data-widget_type=\"spacer.default\">\n\t\t\t\t<div class=\"elementor-widget-container\">\n\t\t\t\t\t\t\t<div class=\"elementor-spacer\">\n\t\t\t<div class=\"elementor-spacer-inner\"><\/div>\n\t\t<\/div>\n\t\t\t\t\t\t<\/div>\n\t\t\t\t<\/div>\n\t\t\t\t\t<\/div>\n\t\t<\/div>\n\t\t\t\t\t<\/div>\n\t\t<\/section>\n\t\t\t\t<section class=\"has_eae_slider elementor-section elementor-top-section elementor-element elementor-element-2b72967 elementor-section-boxed elementor-section-height-default elementor-section-height-default\" data-eae-slider=\"75154\" data-id=\"2b72967\" data-element_type=\"section\">\n\t\t\t\t\t\t<div class=\"elementor-container elementor-column-gap-default\">\n\t\t\t\t\t<div class=\"has_eae_slider elementor-column elementor-col-50 elementor-top-column elementor-element elementor-element-8804afa\" data-eae-slider=\"53661\" data-id=\"8804afa\" data-element_type=\"column\">\n\t\t\t<div class=\"elementor-widget-wrap elementor-element-populated\">\n\t\t\t\t\t\t<div class=\"elementor-element elementor-element-4a6130d elementor-widget elementor-widget-spacer\" data-id=\"4a6130d\" data-element_type=\"widget\" data-widget_type=\"spacer.default\">\n\t\t\t\t<div class=\"elementor-widget-container\">\n\t\t\t\t\t\t\t<div class=\"elementor-spacer\">\n\t\t\t<div class=\"elementor-spacer-inner\"><\/div>\n\t\t<\/div>\n\t\t\t\t\t\t<\/div>\n\t\t\t\t<\/div>\n\t\t\t\t<div class=\"elementor-element elementor-element-e3fb459 elementor-widget elementor-widget-image\" data-id=\"e3fb459\" data-element_type=\"widget\" data-widget_type=\"image.default\">\n\t\t\t\t<div class=\"elementor-widget-container\">\n\t\t\t\t\t\t\t\t\t\t\t\t\t\t\t<img decoding=\"async\" src=\"https:\/\/www.adoro-drums.de\/wp-content\/uploads\/2021\/09\/citylights_left.jpg\" title=\"citylights_left\" alt=\"citylights_left\" loading=\"lazy\" \/>\t\t\t\t\t\t\t\t\t\t\t\t\t\t\t<\/div>\n\t\t\t\t<\/div>\n\t\t\t\t\t<\/div>\n\t\t<\/div>\n\t\t\t\t<div class=\"has_eae_slider elementor-column elementor-col-50 elementor-top-column elementor-element elementor-element-22c2b70\" data-eae-slider=\"55192\" data-id=\"22c2b70\" data-element_type=\"column\">\n\t\t\t<div class=\"elementor-widget-wrap elementor-element-populated\">\n\t\t\t\t\t\t<div class=\"elementor-element elementor-element-08fe113 elementor-widget elementor-widget-text-editor\" data-id=\"08fe113\" data-element_type=\"widget\" data-widget_type=\"text-editor.default\">\n\t\t\t\t<div class=\"elementor-widget-container\">\n\t\t\t\t\t\t\t\t\t<p><b>&#8222;A city on a hill cannot be hidden&#8220;<\/b><\/p><p>Die City Light Serie geh\u00f6rt auf die gro\u00dfen B\u00fchnen ins Rampenlicht. Hier ist alles m\u00f6glich, was das Herz begehrt: alle Gr\u00f6\u00dfen, Kessel, Finish&#8230;!<\/p><p>Dabei ist die City Light Serie eigentlich keine Serie; als wahres Custom Instrument kann auf alle Kundenw\u00fcnsche eingegangen werden. Es gibt keine Restriktionen durch spezielle Soundkonzepte wie bei der Worship Serie. Aber keine\u00a0 Sorge: damit das eigene Custom Set bei den Millionen m\u00f6glicher Kombinationen aus Kesselmaterial, Wandst\u00e4rken, Gr\u00f6\u00dfen, Tiefen etc. kein teures Experiment wird, lassen wir Dich nicht allein, sondern beraten Dich ausf\u00fchrlich bei der Auswahl. So stellen wir sicher, dass Du lange Freude an Deinem Instrument haben wirst.<br \/><img fetchpriority=\"high\" decoding=\"async\" class=\"alignnone size-large wp-image-152\" src=\"https:\/\/www.adoro-drums.com\/wp-content\/uploads\/2021\/09\/citylights3-scaled-e1634124189585-1024x732.jpg\" alt=\"\" width=\"800\" height=\"572\" srcset=\"https:\/\/www.adoro-drums.de\/wp-content\/uploads\/2021\/09\/citylights3-scaled-e1634124189585-1024x732.jpg 1024w, https:\/\/www.adoro-drums.de\/wp-content\/uploads\/2021\/09\/citylights3-scaled-e1634124189585-300x215.jpg 300w, https:\/\/www.adoro-drums.de\/wp-content\/uploads\/2021\/09\/citylights3-scaled-e1634124189585-768x549.jpg 768w, https:\/\/www.adoro-drums.de\/wp-content\/uploads\/2021\/09\/citylights3-scaled-e1634124189585-1536x1099.jpg 1536w, https:\/\/www.adoro-drums.de\/wp-content\/uploads\/2021\/09\/citylights3-scaled-e1634124189585-18x12.jpg 18w, https:\/\/www.adoro-drums.de\/wp-content\/uploads\/2021\/09\/citylights3-scaled-e1634124189585.jpg 1977w\" sizes=\"(max-width: 800px) 100vw, 800px\" \/><\/p><div>\u00a0<\/div><div>\u00a0<\/div>\t\t\t\t\t\t\t\t<\/div>\n\t\t\t\t<\/div>\n\t\t\t\t\t<\/div>\n\t\t<\/div>\n\t\t\t\t\t<\/div>\n\t\t<\/section>\n\t\t\t\t<section class=\"has_eae_slider elementor-section elementor-top-section elementor-element elementor-element-92bf890 elementor-section-boxed elementor-section-height-default elementor-section-height-default\" data-eae-slider=\"67441\" data-id=\"92bf890\" data-element_type=\"section\">\n\t\t\t\t\t\t<div class=\"elementor-container elementor-column-gap-default\">\n\t\t\t\t\t<div class=\"has_eae_slider elementor-column elementor-col-100 elementor-top-column elementor-element elementor-element-55b5556\" data-eae-slider=\"56535\" data-id=\"55b5556\" data-element_type=\"column\">\n\t\t\t<div class=\"elementor-widget-wrap elementor-element-populated\">\n\t\t\t\t\t\t<div class=\"elementor-element elementor-element-483f358 elementor-widget elementor-widget-heading\" data-id=\"483f358\" data-element_type=\"widget\" data-widget_type=\"heading.default\">\n\t\t\t\t<div class=\"elementor-widget-container\">\n\t\t\t\t\t<h2 class=\"elementor-heading-title elementor-size-default\">City Lights Walnut Edition<\/h2>\t\t\t\t<\/div>\n\t\t\t\t<\/div>\n\t\t\t\t\t<\/div>\n\t\t<\/div>\n\t\t\t\t\t<\/div>\n\t\t<\/section>\n\t\t\t\t<section class=\"has_eae_slider elementor-section elementor-top-section elementor-element elementor-element-7bbffa6 elementor-section-boxed elementor-section-height-default elementor-section-height-default\" data-eae-slider=\"42528\" data-id=\"7bbffa6\" data-element_type=\"section\">\n\t\t\t\t\t\t<div class=\"elementor-container elementor-column-gap-default\">\n\t\t\t\t\t<div class=\"has_eae_slider elementor-column elementor-col-50 elementor-top-column elementor-element elementor-element-a87f950\" data-eae-slider=\"92898\" data-id=\"a87f950\" data-element_type=\"column\">\n\t\t\t<div class=\"elementor-widget-wrap elementor-element-populated\">\n\t\t\t\t\t\t<div class=\"elementor-element elementor-element-540ff2a elementor-widget elementor-widget-text-editor\" data-id=\"540ff2a\" data-element_type=\"widget\" data-widget_type=\"text-editor.default\">\n\t\t\t\t<div class=\"elementor-widget-container\">\n\t\t\t\t\t\t\t\t\t<p>Custom Drum Set with premium Adoro Walnut-Beech Shells (inside and outside layer: walnut, middle: beech), silk finish. The shell construction with thin 4mm - 5mm shells without reinforcement rings allows a really deep, full sound as usually found at old studio drumsets from the 50th-60th \u00e1 la Ludwig.<\/p>\t\t\t\t\t\t\t\t<\/div>\n\t\t\t\t<\/div>\n\t\t\t\t\t<\/div>\n\t\t<\/div>\n\t\t\t\t<div class=\"has_eae_slider elementor-column elementor-col-50 elementor-top-column elementor-element elementor-element-7ce654d\" data-eae-slider=\"18082\" data-id=\"7ce654d\" data-element_type=\"column\">\n\t\t\t<div class=\"elementor-widget-wrap elementor-element-populated\">\n\t\t\t\t\t\t<div class=\"elementor-element elementor-element-431d7fd elementor-widget elementor-widget-text-editor\" data-id=\"431d7fd\" data-element_type=\"widget\" data-widget_type=\"text-editor.default\">\n\t\t\t\t<div class=\"elementor-widget-container\">\n\t\t\t\t\t\t\t\t\t<p><strong>Sound<\/strong><strong>:<\/strong> Thanks to the shallow shells the response is fast and precise. The Bass Drum is well rounded and unobstrusively. All together the set has a not too smooth sound that is being sought by many studios still today, with old vintage sets, but without the hassle: easy to tune, surprisingly rich and well sounding in about any tune. Also live in Jazz and Rock settings this kit convinces with character.<\/p>\t\t\t\t\t\t\t\t<\/div>\n\t\t\t\t<\/div>\n\t\t\t\t\t<\/div>\n\t\t<\/div>\n\t\t\t\t\t<\/div>\n\t\t<\/section>\n\t\t\t\t<section class=\"has_eae_slider elementor-section elementor-top-section elementor-element elementor-element-9c88ee1 elementor-section-boxed elementor-section-height-default elementor-section-height-default\" data-eae-slider=\"69323\" data-id=\"9c88ee1\" data-element_type=\"section\">\n\t\t\t\t\t\t<div class=\"elementor-container elementor-column-gap-default\">\n\t\t\t\t\t<div class=\"has_eae_slider elementor-column elementor-col-100 elementor-top-column elementor-element elementor-element-76c6e87\" data-eae-slider=\"41685\" data-id=\"76c6e87\" data-element_type=\"column\">\n\t\t\t<div class=\"elementor-widget-wrap elementor-element-populated\">\n\t\t\t\t\t\t<div class=\"elementor-element elementor-element-e50f775 elementor-widget elementor-widget-image\" data-id=\"e50f775\" data-element_type=\"widget\" data-widget_type=\"image.default\">\n\t\t\t\t<div class=\"elementor-widget-container\">\n\t\t\t\t\t\t\t\t\t\t\t\t\t\t\t<img decoding=\"async\" width=\"800\" height=\"590\" src=\"https:\/\/www.adoro-drums.de\/wp-content\/uploads\/2021\/09\/MG_9917_-1024x755.jpg\" class=\"attachment-large size-large wp-image-900\" alt=\"\" srcset=\"https:\/\/www.adoro-drums.de\/wp-content\/uploads\/2021\/09\/MG_9917_-1024x755.jpg 1024w, https:\/\/www.adoro-drums.de\/wp-content\/uploads\/2021\/09\/MG_9917_-300x221.jpg 300w, https:\/\/www.adoro-drums.de\/wp-content\/uploads\/2021\/09\/MG_9917_-768x566.jpg 768w, https:\/\/www.adoro-drums.de\/wp-content\/uploads\/2021\/09\/MG_9917_-1536x1133.jpg 1536w, https:\/\/www.adoro-drums.de\/wp-content\/uploads\/2021\/09\/MG_9917_-2048x1510.jpg 2048w, https:\/\/www.adoro-drums.de\/wp-content\/uploads\/2021\/09\/MG_9917_-16x12.jpg 16w\" sizes=\"(max-width: 800px) 100vw, 800px\" \/>\t\t\t\t\t\t\t\t\t\t\t\t\t\t\t<\/div>\n\t\t\t\t<\/div>\n\t\t\t\t\t<\/div>\n\t\t<\/div>\n\t\t\t\t\t<\/div>\n\t\t<\/section>\n\t\t\t\t<section class=\"has_eae_slider elementor-section elementor-top-section elementor-element elementor-element-aefc137 elementor-section-boxed elementor-section-height-default elementor-section-height-default\" data-eae-slider=\"26487\" data-id=\"aefc137\" data-element_type=\"section\">\n\t\t\t\t\t\t<div class=\"elementor-container elementor-column-gap-default\">\n\t\t\t\t\t<div class=\"has_eae_slider elementor-column elementor-col-100 elementor-top-column elementor-element elementor-element-eee5b9b\" data-eae-slider=\"46053\" data-id=\"eee5b9b\" data-element_type=\"column\">\n\t\t\t<div class=\"elementor-widget-wrap elementor-element-populated\">\n\t\t\t\t\t\t<div class=\"elementor-element elementor-element-02a6a15 elementor-widget elementor-widget-image\" data-id=\"02a6a15\" data-element_type=\"widget\" data-widget_type=\"image.default\">\n\t\t\t\t<div class=\"elementor-widget-container\">\n\t\t\t\t\t\t\t\t\t\t\t\t\t\t\t<img decoding=\"async\" width=\"796\" height=\"140\" src=\"https:\/\/www.adoro-drums.de\/wp-content\/uploads\/2021\/09\/drums-for-exceptional-artists.png\" class=\"attachment-full size-full wp-image-409\" alt=\"\" srcset=\"https:\/\/www.adoro-drums.de\/wp-content\/uploads\/2021\/09\/drums-for-exceptional-artists.png 796w, https:\/\/www.adoro-drums.de\/wp-content\/uploads\/2021\/09\/drums-for-exceptional-artists-300x53.png 300w, https:\/\/www.adoro-drums.de\/wp-content\/uploads\/2021\/09\/drums-for-exceptional-artists-768x135.png 768w, https:\/\/www.adoro-drums.de\/wp-content\/uploads\/2021\/09\/drums-for-exceptional-artists-18x3.png 18w\" sizes=\"(max-width: 796px) 100vw, 796px\" \/>\t\t\t\t\t\t\t\t\t\t\t\t\t\t\t<\/div>\n\t\t\t\t<\/div>\n\t\t\t\t\t<\/div>\n\t\t<\/div>\n\t\t\t\t\t<\/div>\n\t\t<\/section>\n\t\t\t\t<\/div>","protected":false},"excerpt":{"rendered":"<p>City Lights &#8222;A city on a hill cannot be hidden&#8220; Die City Light Serie geh\u00f6rt auf die gro\u00dfen B\u00fchnen ins Rampenlicht. Hier ist alles m\u00f6glich, was das Herz begehrt: alle Gr\u00f6\u00dfen, Kessel, Finish&#8230;! Dabei ist die City Light Serie eigentlich keine Serie; als wahres Custom Instrument kann auf alle Kundenw\u00fcnsche eingegangen werden. Es gibt keine [&hellip;]<\/p>","protected":false},"author":1,"featured_media":0,"parent":0,"menu_order":0,"comment_status":"closed","ping_status":"closed","template":"","meta":{"footnotes":""},"class_list":["post-36","page","type-page","status-publish","hentry"],"_links":{"self":[{"href":"https:\/\/www.adoro-drums.de\/en\/wp-json\/wp\/v2\/pages\/36","targetHints":{"allow":["GET"]}}],"collection":[{"href":"https:\/\/www.adoro-drums.de\/en\/wp-json\/wp\/v2\/pages"}],"about":[{"href":"https:\/\/www.adoro-drums.de\/en\/wp-json\/wp\/v2\/types\/page"}],"author":[{"embeddable":true,"href":"https:\/\/www.adoro-drums.de\/en\/wp-json\/wp\/v2\/users\/1"}],"replies":[{"embeddable":true,"href":"https:\/\/www.adoro-drums.de\/en\/wp-json\/wp\/v2\/comments?post=36"}],"version-history":[{"count":54,"href":"https:\/\/www.adoro-drums.de\/en\/wp-json\/wp\/v2\/pages\/36\/revisions"}],"predecessor-version":[{"id":3281,"href":"https:\/\/www.adoro-drums.de\/en\/wp-json\/wp\/v2\/pages\/36\/revisions\/3281"}],"wp:attachment":[{"href":"https:\/\/www.adoro-drums.de\/en\/wp-json\/wp\/v2\/media?parent=36"}],"curies":[{"name":"wp","href":"https:\/\/api.w.org\/{rel}","templated":true}]}}