{"id":38,"date":"2021-09-05T12:12:53","date_gmt":"2021-09-05T10:12:53","guid":{"rendered":"https:\/\/www3.adoro-drums.com\/?page_id=38"},"modified":"2024-07-06T11:23:57","modified_gmt":"2024-07-06T09:23:57","slug":"adoro-heads","status":"publish","type":"page","link":"https:\/\/www.adoro-drums.de\/en\/adoro-heads\/","title":{"rendered":"adoro heads"},"content":{"rendered":"<div data-elementor-type=\"wp-page\" data-elementor-id=\"38\" class=\"elementor elementor-38\" data-elementor-post-type=\"page\">\n\t\t\t\t\t\t<section class=\"has_eae_slider elementor-section elementor-top-section elementor-element elementor-element-abaa308 elementor-section-boxed elementor-section-height-default elementor-section-height-default\" data-eae-slider=\"55565\" data-id=\"abaa308\" data-element_type=\"section\">\n\t\t\t\t\t\t<div class=\"elementor-container elementor-column-gap-default\">\n\t\t\t\t\t<div class=\"has_eae_slider elementor-column elementor-col-100 elementor-top-column elementor-element elementor-element-67b6383\" data-eae-slider=\"20380\" data-id=\"67b6383\" data-element_type=\"column\">\n\t\t\t<div class=\"elementor-widget-wrap elementor-element-populated\">\n\t\t\t\t\t\t<div class=\"elementor-element elementor-element-2ae70bf elementor-widget elementor-widget-heading\" data-id=\"2ae70bf\" data-element_type=\"widget\" data-widget_type=\"heading.default\">\n\t\t\t\t<div class=\"elementor-widget-container\">\n\t\t\t\t\t<h1 class=\"elementor-heading-title elementor-size-default\">Adoro Drum Heads<\/h1>\t\t\t\t<\/div>\n\t\t\t\t<\/div>\n\t\t\t\t\t<\/div>\n\t\t<\/div>\n\t\t\t\t\t<\/div>\n\t\t<\/section>\n\t\t\t\t<section class=\"has_eae_slider elementor-section elementor-top-section elementor-element elementor-element-8f43ac6 elementor-section-boxed elementor-section-height-default elementor-section-height-default\" data-eae-slider=\"20743\" data-id=\"8f43ac6\" data-element_type=\"section\">\n\t\t\t\t\t\t<div class=\"elementor-container elementor-column-gap-default\">\n\t\t\t\t\t<div class=\"has_eae_slider elementor-column elementor-col-100 elementor-top-column elementor-element elementor-element-add3875\" data-eae-slider=\"28120\" data-id=\"add3875\" data-element_type=\"column\">\n\t\t\t<div class=\"elementor-widget-wrap elementor-element-populated\">\n\t\t\t\t\t\t<div class=\"elementor-element elementor-element-3d08686 elementor-widget elementor-widget-image\" data-id=\"3d08686\" data-element_type=\"widget\" data-widget_type=\"image.default\">\n\t\t\t\t<div class=\"elementor-widget-container\">\n\t\t\t\t\t\t\t\t\t\t\t\t\t\t\t<img fetchpriority=\"high\" decoding=\"async\" width=\"768\" height=\"256\" src=\"https:\/\/www.adoro-drums.de\/wp-content\/uploads\/2024\/04\/header_heads-amz-768x256.jpg\" class=\"attachment-medium_large size-medium_large wp-image-3061\" alt=\"\" srcset=\"https:\/\/www.adoro-drums.de\/wp-content\/uploads\/2024\/04\/header_heads-amz-768x256.jpg 768w, https:\/\/www.adoro-drums.de\/wp-content\/uploads\/2024\/04\/header_heads-amz-300x100.jpg 300w, https:\/\/www.adoro-drums.de\/wp-content\/uploads\/2024\/04\/header_heads-amz-1024x341.jpg 1024w, https:\/\/www.adoro-drums.de\/wp-content\/uploads\/2024\/04\/header_heads-amz-1536x512.jpg 1536w, https:\/\/www.adoro-drums.de\/wp-content\/uploads\/2024\/04\/header_heads-amz-18x6.jpg 18w, https:\/\/www.adoro-drums.de\/wp-content\/uploads\/2024\/04\/header_heads-amz.jpg 1920w\" sizes=\"(max-width: 768px) 100vw, 768px\" \/>\t\t\t\t\t\t\t\t\t\t\t\t\t\t\t<\/div>\n\t\t\t\t<\/div>\n\t\t\t\t<div class=\"elementor-element elementor-element-2a984e2 elementor-widget elementor-widget-spacer\" data-id=\"2a984e2\" data-element_type=\"widget\" data-widget_type=\"spacer.default\">\n\t\t\t\t<div class=\"elementor-widget-container\">\n\t\t\t\t\t\t\t<div class=\"elementor-spacer\">\n\t\t\t<div class=\"elementor-spacer-inner\"><\/div>\n\t\t<\/div>\n\t\t\t\t\t\t<\/div>\n\t\t\t\t<\/div>\n\t\t\t\t\t<\/div>\n\t\t<\/div>\n\t\t\t\t\t<\/div>\n\t\t<\/section>\n\t\t\t\t<section class=\"has_eae_slider elementor-section elementor-top-section elementor-element elementor-element-78b87b9 elementor-section-boxed elementor-section-height-default elementor-section-height-default\" data-eae-slider=\"86017\" data-id=\"78b87b9\" data-element_type=\"section\">\n\t\t\t\t\t\t<div class=\"elementor-container elementor-column-gap-default\">\n\t\t\t\t\t<div class=\"has_eae_slider elementor-column elementor-col-50 elementor-top-column elementor-element elementor-element-b2b267d\" data-eae-slider=\"47869\" data-id=\"b2b267d\" data-element_type=\"column\">\n\t\t\t<div class=\"elementor-widget-wrap elementor-element-populated\">\n\t\t\t\t\t\t<div class=\"elementor-element elementor-element-480ed09 elementor-widget elementor-widget-text-editor\" data-id=\"480ed09\" data-element_type=\"widget\" data-widget_type=\"text-editor.default\">\n\t\t\t\t<div class=\"elementor-widget-container\">\n\t\t\t\t\t\t\t\t\t<h4>Worship Series in a Drum Head&#8230;<\/h4>\n<p>Good quality drums can only sound as good as their heads. That is why Adoro also produces its own heads for its instruments, which we are now finally offering as an independent product. Thanks to proven materials and excellent workmanship, all Adoro heads are of the best quality and very stable.<\/p>\n<p><em>A quick overview:<\/em><\/p>\n<p><img decoding=\"async\" class=\"alignnone size-large wp-image-3039\" src=\"https:\/\/www.adoro-drums.com\/wp-content\/uploads\/2024\/04\/allinyourhead_heritage-1024x626.jpg\" alt=\"\" width=\"800\" height=\"489\" srcset=\"https:\/\/www.adoro-drums.de\/wp-content\/uploads\/2024\/04\/allinyourhead_heritage-1024x626.jpg 1024w, https:\/\/www.adoro-drums.de\/wp-content\/uploads\/2024\/04\/allinyourhead_heritage-300x183.jpg 300w, https:\/\/www.adoro-drums.de\/wp-content\/uploads\/2024\/04\/allinyourhead_heritage-768x470.jpg 768w, https:\/\/www.adoro-drums.de\/wp-content\/uploads\/2024\/04\/allinyourhead_heritage-18x12.jpg 18w, https:\/\/www.adoro-drums.de\/wp-content\/uploads\/2024\/04\/allinyourhead_heritage.jpg 1308w\" sizes=\"(max-width: 800px) 100vw, 800px\" \/><\/p>\n<p class=\" translation-block\"><em>A quick overview:<\/em> The<b> Heritage <\/b>heads are single-ply synthetic natural heads, which have far less attack due to their patented fiber structure, and therefore a beautiful, warm, tonal sound. Perfect for all bright-sounding rooms where drums naturally sound too shrill. The Heritage heads own the properties of our Worship drums cast into skin, so to speak; they can be tuned about <b>a third lower<\/b> than comparable heads of the same thickness, which gives them a much wider tuning range and makes tuning much easier. They were inspired by real calfskins, which they sound very similar to, without losing the advantages of an artificial skin: tuning stability and durability.<\/p>\n<p>The Heritage skins are roughened on the upper side and can therefore also be played with brushes.<\/p>\n<figure id=\"attachment_3194\" aria-describedby=\"caption-attachment-3194\" style=\"width: 781px\" class=\"wp-caption alignnone\"><img decoding=\"async\" class=\"wp-image-3194 size-large\" src=\"https:\/\/www.adoro-drums.com\/wp-content\/uploads\/2024\/07\/hands-on-heritage-781x1024.jpg\" alt=\"Ein St\u00fcck unseres Fellmaterials f\u00fcr die Heritage Felle, halbtransparent, mit deutlich sichtbarer Faserstruktur.\" width=\"781\" height=\"1024\" srcset=\"https:\/\/www.adoro-drums.de\/wp-content\/uploads\/2024\/07\/hands-on-heritage-781x1024.jpg 781w, https:\/\/www.adoro-drums.de\/wp-content\/uploads\/2024\/07\/hands-on-heritage-229x300.jpg 229w, https:\/\/www.adoro-drums.de\/wp-content\/uploads\/2024\/07\/hands-on-heritage-768x1007.jpg 768w, https:\/\/www.adoro-drums.de\/wp-content\/uploads\/2024\/07\/hands-on-heritage-1171x1536.jpg 1171w, https:\/\/www.adoro-drums.de\/wp-content\/uploads\/2024\/07\/hands-on-heritage-1561x2048.jpg 1561w, https:\/\/www.adoro-drums.de\/wp-content\/uploads\/2024\/07\/hands-on-heritage-9x12.jpg 9w, https:\/\/www.adoro-drums.de\/wp-content\/uploads\/2024\/07\/hands-on-heritage-scaled.jpg 1952w\" sizes=\"(max-width: 781px) 100vw, 781px\" \/><figcaption id=\"caption-attachment-3194\" class=\"wp-caption-text\">The patented fiber mixture of the Heritage skins makes them sound very close to the original - the natural skin. At the same time, it remains tuning stable and virtually indestructible. A combination that has never before been possible in a single skin!<\/figcaption><\/figure>\n<p class=\" translation-block\">If you want a more open sound, the single-ply <span style=\"font-weight: bolder\">SP Classic<\/span> are the right choice. They are much richer in overtones, react sensitively and can also be played perfectly with brushes in the coated version.<\/p>\n<p class=\" translation-block\">Finally, for the rock and heavy faction, we have the double-ply <span style=\"font-weight: bolder\">DP Classic<\/span>, which also cuts a really good figure in combination with the single-ply heads (toms with SP Classic, floor tom DP Classic, for more punch!). Thanks to the two plies, the drumhead provides a lot of pressure and absorbs a lot of overtones, which often makes masking redundant, and is therefore also a popular drumhead with sound engineers for live gigs. And if the drummer's adrenaline gets the better of him, don't worry, he won't get these drumheads down so quickly!<\/p>\t\t\t\t\t\t\t\t<\/div>\n\t\t\t\t<\/div>\n\t\t\t\t\t<\/div>\n\t\t<\/div>\n\t\t\t\t<div class=\"has_eae_slider elementor-column elementor-col-50 elementor-top-column elementor-element elementor-element-cda66f2\" data-eae-slider=\"75197\" data-id=\"cda66f2\" data-element_type=\"column\">\n\t\t\t<div class=\"elementor-widget-wrap elementor-element-populated\">\n\t\t\t\t\t\t<div class=\"elementor-element elementor-element-735cc2a elementor-widget elementor-widget-text-editor\" data-id=\"735cc2a\" data-element_type=\"widget\" data-widget_type=\"text-editor.default\">\n\t\t\t\t<div class=\"elementor-widget-container\">\n\t\t\t\t\t\t\t\t\t<h4>Adoro Heritage\u00ae<img loading=\"lazy\" decoding=\"async\" class=\"alignright wp-image-3071\" src=\"https:\/\/www.adoro-drums.com\/wp-content\/uploads\/2024\/04\/Heritage_2023_1_adoro-300x300.jpg\" alt=\"\" width=\"181\" height=\"181\" srcset=\"https:\/\/www.adoro-drums.de\/wp-content\/uploads\/2024\/04\/Heritage_2023_1_adoro-300x300.jpg 300w, https:\/\/www.adoro-drums.de\/wp-content\/uploads\/2024\/04\/Heritage_2023_1_adoro-1024x1024.jpg 1024w, https:\/\/www.adoro-drums.de\/wp-content\/uploads\/2024\/04\/Heritage_2023_1_adoro-150x150.jpg 150w, https:\/\/www.adoro-drums.de\/wp-content\/uploads\/2024\/04\/Heritage_2023_1_adoro-768x768.jpg 768w, https:\/\/www.adoro-drums.de\/wp-content\/uploads\/2024\/04\/Heritage_2023_1_adoro-1536x1536.jpg 1536w, https:\/\/www.adoro-drums.de\/wp-content\/uploads\/2024\/04\/Heritage_2023_1_adoro-2048x2048.jpg 2048w, https:\/\/www.adoro-drums.de\/wp-content\/uploads\/2024\/04\/Heritage_2023_1_adoro-12x12.jpg 12w\" sizes=\"(max-width: 181px) 100vw, 181px\" \/><\/h4>\n<p>A patented fiber blend significantly reduces the attack of the synthetic natural skin; for a full, warm sound; standard skin for the Worship Series. Extremely tuning stable and durable!<\/p>\n<p><\/p>\n<h4><strong>Adoro SP Classic\u00ae<img loading=\"lazy\" decoding=\"async\" class=\"alignright wp-image-3182\" src=\"https:\/\/www.adoro-drums.com\/wp-content\/uploads\/2024\/07\/adoro-sp-classic-clear-e1720256252288.jpg\" alt=\"\" width=\"181\" height=\"173\" srcset=\"https:\/\/www.adoro-drums.de\/wp-content\/uploads\/2024\/07\/adoro-sp-classic-clear-e1720256252288.jpg 479w, https:\/\/www.adoro-drums.de\/wp-content\/uploads\/2024\/07\/adoro-sp-classic-clear-e1720256252288-300x286.jpg 300w, https:\/\/www.adoro-drums.de\/wp-content\/uploads\/2024\/07\/adoro-sp-classic-clear-e1720256252288-13x12.jpg 13w\" sizes=\"(max-width: 181px) 100vw, 181px\" \/><\/strong><\/h4>\n<p>Single layer Mylar fur (0.250mm). The SP Classic\u00ae have a very open, transparent sound (with a coating a little less overtones). Suitable as batter as well as resonance head.<\/p>\n<p>The SP Classic (Coated) are the standard head on most Adoro snare drums, with the exception of the Worship series.&nbsp;&nbsp;<\/p>\n<p><\/p>\n<p><img loading=\"lazy\" decoding=\"async\" class=\"alignright wp-image-3183\" src=\"https:\/\/www.adoro-drums.com\/wp-content\/uploads\/2024\/07\/adoro-dp-classic-clear-600x400-1-e1720256486610.jpg\" alt=\"\" width=\"180\" height=\"180\" srcset=\"https:\/\/www.adoro-drums.de\/wp-content\/uploads\/2024\/07\/adoro-dp-classic-clear-600x400-1-e1720256486610.jpg 400w, https:\/\/www.adoro-drums.de\/wp-content\/uploads\/2024\/07\/adoro-dp-classic-clear-600x400-1-e1720256486610-300x300.jpg 300w, https:\/\/www.adoro-drums.de\/wp-content\/uploads\/2024\/07\/adoro-dp-classic-clear-600x400-1-e1720256486610-150x150.jpg 150w, https:\/\/www.adoro-drums.de\/wp-content\/uploads\/2024\/07\/adoro-dp-classic-clear-600x400-1-e1720256486610-12x12.jpg 12w\" sizes=\"(max-width: 180px) 100vw, 180px\" \/><\/p>\n<h4><span style=\"font-weight: bolder;\">Adoro DP Classic\u00ae<\/span><\/h4>\n<p>Double-layer Mylar fur. The DP Classic\u00ae is an extremely stable, long-lasting head with a lot of punch, well-defined basic tone, few overtones.&nbsp;<\/p>\n<p>The DP Classic (Clear) are the standard head on the toms of the City Lights series.<\/p><p><br><\/p>\t\t\t\t\t\t\t\t<\/div>\n\t\t\t\t<\/div>\n\t\t\t\t<div class=\"elementor-element elementor-element-6af4350 elementor-widget elementor-widget-image\" data-id=\"6af4350\" data-element_type=\"widget\" data-widget_type=\"image.default\">\n\t\t\t\t<div class=\"elementor-widget-container\">\n\t\t\t\t\t\t\t\t\t\t\t\t\t\t\t<img decoding=\"async\" src=\"https:\/\/www.adoro-drums.de\/wp-content\/uploads\/2024\/04\/BD_front.jpg\" title=\"BD_front\" alt=\"BD_front\" loading=\"lazy\" \/>\t\t\t\t\t\t\t\t\t\t\t\t\t\t\t<\/div>\n\t\t\t\t<\/div>\n\t\t\t\t<section class=\"has_eae_slider elementor-section elementor-inner-section elementor-element elementor-element-150c3b5 elementor-section-boxed elementor-section-height-default elementor-section-height-default\" data-eae-slider=\"64907\" data-id=\"150c3b5\" data-element_type=\"section\">\n\t\t\t\t\t\t<div class=\"elementor-container elementor-column-gap-default\">\n\t\t\t\t\t<div class=\"has_eae_slider elementor-column elementor-col-50 elementor-inner-column elementor-element elementor-element-eebcc88\" data-eae-slider=\"47644\" data-id=\"eebcc88\" data-element_type=\"column\">\n\t\t\t<div class=\"elementor-widget-wrap elementor-element-populated\">\n\t\t\t\t\t\t<div class=\"elementor-element elementor-element-ff7e0f0 elementor-widget elementor-widget-text-editor\" data-id=\"ff7e0f0\" data-element_type=\"widget\" data-widget_type=\"text-editor.default\">\n\t\t\t\t<div class=\"elementor-widget-container\">\n\t\t\t\t\t\t\t\t\t<h4>Adoro Heritage\u00ae BD<\/h4>\n<p>BD front head, optionally with Adoro logo. Single-layer fiber head, with damping ring (muffler)<\/p>\t\t\t\t\t\t\t\t<\/div>\n\t\t\t\t<\/div>\n\t\t\t\t\t<\/div>\n\t\t<\/div>\n\t\t\t\t<div class=\"has_eae_slider elementor-column elementor-col-50 elementor-inner-column elementor-element elementor-element-3eac339\" data-eae-slider=\"28381\" data-id=\"3eac339\" data-element_type=\"column\">\n\t\t\t<div class=\"elementor-widget-wrap elementor-element-populated\">\n\t\t\t\t\t\t<div class=\"elementor-element elementor-element-453d521 elementor-widget elementor-widget-text-editor\" data-id=\"453d521\" data-element_type=\"widget\" data-widget_type=\"text-editor.default\">\n\t\t\t\t<div class=\"elementor-widget-container\">\n\t\t\t\t\t\t\t\t\t<h4>Adoro SP Classic\u00ae Black BD<\/h4>\n<p>BD front skin, optionally with Adoro logo. Single-layer Mylar head, with damping ring (muffler)&nbsp;&nbsp;<\/p>\t\t\t\t\t\t\t\t<\/div>\n\t\t\t\t<\/div>\n\t\t\t\t\t<\/div>\n\t\t<\/div>\n\t\t\t\t\t<\/div>\n\t\t<\/section>\n\t\t\t\t<div class=\"elementor-element elementor-element-3f74e39 elementor-widget elementor-widget-spacer\" data-id=\"3f74e39\" data-element_type=\"widget\" data-widget_type=\"spacer.default\">\n\t\t\t\t<div class=\"elementor-widget-container\">\n\t\t\t\t\t\t\t<div class=\"elementor-spacer\">\n\t\t\t<div class=\"elementor-spacer-inner\"><\/div>\n\t\t<\/div>\n\t\t\t\t\t\t<\/div>\n\t\t\t\t<\/div>\n\t\t\t\t<div class=\"elementor-element elementor-element-5c98175 elementor-widget elementor-widget-image\" data-id=\"5c98175\" data-element_type=\"widget\" data-widget_type=\"image.default\">\n\t\t\t\t<div class=\"elementor-widget-container\">\n\t\t\t\t\t\t\t\t\t\t\t\t\t\t\t<img decoding=\"async\" src=\"https:\/\/www.adoro-drums.de\/wp-content\/uploads\/2021\/09\/BD_SP_Classic.jpg\" title=\"BD_SP_Classic\" alt=\"BD_SP_Classic\" loading=\"lazy\" \/>\t\t\t\t\t\t\t\t\t\t\t\t\t\t\t<\/div>\n\t\t\t\t<\/div>\n\t\t\t\t<section class=\"has_eae_slider elementor-section elementor-inner-section elementor-element elementor-element-dbcfb8a elementor-section-boxed elementor-section-height-default elementor-section-height-default\" data-eae-slider=\"88439\" data-id=\"dbcfb8a\" data-element_type=\"section\">\n\t\t\t\t\t\t<div class=\"elementor-container elementor-column-gap-default\">\n\t\t\t\t\t<div class=\"has_eae_slider elementor-column elementor-col-50 elementor-inner-column elementor-element elementor-element-7de16da\" data-eae-slider=\"73381\" data-id=\"7de16da\" data-element_type=\"column\">\n\t\t\t<div class=\"elementor-widget-wrap elementor-element-populated\">\n\t\t\t\t\t\t<div class=\"elementor-element elementor-element-62214be elementor-widget elementor-widget-text-editor\" data-id=\"62214be\" data-element_type=\"widget\" data-widget_type=\"text-editor.default\">\n\t\t\t\t<div class=\"elementor-widget-container\">\n\t\t\t\t\t\t\t\t\t<h4>Adoro SP Classic\u00aeCoated BD<\/h4>\n<p class=\" translation-block\">Transparent Single-ply Mylar head, with damping ring (muffler)<\/p>\t\t\t\t\t\t\t\t<\/div>\n\t\t\t\t<\/div>\n\t\t\t\t\t<\/div>\n\t\t<\/div>\n\t\t\t\t<div class=\"has_eae_slider elementor-column elementor-col-50 elementor-inner-column elementor-element elementor-element-0789648\" data-eae-slider=\"88549\" data-id=\"0789648\" data-element_type=\"column\">\n\t\t\t<div class=\"elementor-widget-wrap elementor-element-populated\">\n\t\t\t\t\t\t<div class=\"elementor-element elementor-element-6452e21 elementor-widget elementor-widget-text-editor\" data-id=\"6452e21\" data-element_type=\"widget\" data-widget_type=\"text-editor.default\">\n\t\t\t\t<div class=\"elementor-widget-container\">\n\t\t\t\t\t\t\t\t\t<h4>Adoro SP Classic\u00ae Clear BD<\/h4>\n<p class=\" translation-block\">Single-ply Mylar head, transparent,\nwith damping ring (muffler)<\/p>\t\t\t\t\t\t\t\t<\/div>\n\t\t\t\t<\/div>\n\t\t\t\t\t<\/div>\n\t\t<\/div>\n\t\t\t\t\t<\/div>\n\t\t<\/section>\n\t\t\t\t<div class=\"elementor-element elementor-element-4cebe57 elementor-widget elementor-widget-spacer\" data-id=\"4cebe57\" data-element_type=\"widget\" data-widget_type=\"spacer.default\">\n\t\t\t\t<div class=\"elementor-widget-container\">\n\t\t\t\t\t\t\t<div class=\"elementor-spacer\">\n\t\t\t<div class=\"elementor-spacer-inner\"><\/div>\n\t\t<\/div>\n\t\t\t\t\t\t<\/div>\n\t\t\t\t<\/div>\n\t\t\t\t<div class=\"elementor-element elementor-element-c9d1122 elementor-widget elementor-widget-text-editor\" data-id=\"c9d1122\" data-element_type=\"widget\" data-widget_type=\"text-editor.default\">\n\t\t\t\t<div class=\"elementor-widget-container\">\n\t\t\t\t\t\t\t\t\t<h4><strong><img loading=\"lazy\" decoding=\"async\" class=\"alignright wp-image-3190\" src=\"https:\/\/www.adoro-drums.com\/wp-content\/uploads\/2024\/07\/adoro-resonance-52e688f6a75d6-600x400-1-e1720256603296.jpg\" alt=\"\" width=\"181\" height=\"181\" srcset=\"https:\/\/www.adoro-drums.de\/wp-content\/uploads\/2024\/07\/adoro-resonance-52e688f6a75d6-600x400-1-e1720256603296.jpg 400w, https:\/\/www.adoro-drums.de\/wp-content\/uploads\/2024\/07\/adoro-resonance-52e688f6a75d6-600x400-1-e1720256603296-300x300.jpg 300w, https:\/\/www.adoro-drums.de\/wp-content\/uploads\/2024\/07\/adoro-resonance-52e688f6a75d6-600x400-1-e1720256603296-150x150.jpg 150w, https:\/\/www.adoro-drums.de\/wp-content\/uploads\/2024\/07\/adoro-resonance-52e688f6a75d6-600x400-1-e1720256603296-12x12.jpg 12w\" sizes=\"(max-width: 181px) 100vw, 181px\" \/>Adoro Resonance\u00ae<\/strong><\/h4>\n<p>Single-layer transparent Mylar resonance head (0.075mm). Standard resonance head on all Adoro snare drums. Also suitable as a Tom Reso for more sensible response with soft play and larger tuning range.<\/p>\t\t\t\t\t\t\t\t<\/div>\n\t\t\t\t<\/div>\n\t\t\t\t\t<\/div>\n\t\t<\/div>\n\t\t\t\t\t<\/div>\n\t\t<\/section>\n\t\t\t\t<section class=\"has_eae_slider elementor-section elementor-top-section elementor-element elementor-element-6f12dd97 elementor-section-boxed elementor-section-height-default elementor-section-height-default\" data-eae-slider=\"54091\" data-id=\"6f12dd97\" data-element_type=\"section\">\n\t\t\t\t\t\t<div class=\"elementor-container elementor-column-gap-default\">\n\t\t\t\t\t<div class=\"has_eae_slider elementor-column elementor-col-100 elementor-top-column elementor-element elementor-element-3c62bff8\" data-eae-slider=\"75935\" data-id=\"3c62bff8\" data-element_type=\"column\">\n\t\t\t<div class=\"elementor-widget-wrap elementor-element-populated\">\n\t\t\t\t\t\t<div class=\"elementor-element elementor-element-40b721d7 elementor-widget elementor-widget-text-editor\" data-id=\"40b721d7\" data-element_type=\"widget\" data-widget_type=\"text-editor.default\">\n\t\t\t\t<div class=\"elementor-widget-container\">\n\t\t\t\t\t\t\t\t\t<p><\/p>\n<figure class=\"wp-block-image size-full\"><\/figure>\n<p><\/p>\n<figure class=\"wp-block-table\"><\/figure>\n<p><\/p>\n<figure class=\"wp-block-image\"><img decoding=\"async\" class=\"aligncenter\" src=\"https:\/\/www.adoro-drums.com\/images\/stories\/nate_ws.jpg\" alt=\"\" \/><\/figure>\n<p><\/p>\n<p><\/p>\t\t\t\t\t\t\t\t<\/div>\n\t\t\t\t<\/div>\n\t\t\t\t\t<\/div>\n\t\t<\/div>\n\t\t\t\t\t<\/div>\n\t\t<\/section>\n\t\t\t\t<section class=\"has_eae_slider elementor-section elementor-top-section elementor-element elementor-element-b289ab2 elementor-section-boxed elementor-section-height-default elementor-section-height-default\" data-eae-slider=\"99398\" data-id=\"b289ab2\" data-element_type=\"section\">\n\t\t\t\t\t\t<div class=\"elementor-container elementor-column-gap-default\">\n\t\t\t\t\t<div class=\"has_eae_slider elementor-column elementor-col-100 elementor-top-column elementor-element elementor-element-b2897ad\" data-eae-slider=\"60559\" data-id=\"b2897ad\" data-element_type=\"column\">\n\t\t\t<div class=\"elementor-widget-wrap elementor-element-populated\">\n\t\t\t\t\t\t\t<\/div>\n\t\t<\/div>\n\t\t\t\t\t<\/div>\n\t\t<\/section>\n\t\t\t\t<section class=\"has_eae_slider elementor-section elementor-top-section elementor-element elementor-element-2faa8be0 elementor-section-boxed elementor-section-height-default elementor-section-height-default\" data-eae-slider=\"38739\" data-id=\"2faa8be0\" data-element_type=\"section\">\n\t\t\t\t\t\t<div class=\"elementor-container elementor-column-gap-default\">\n\t\t\t\t\t<div class=\"has_eae_slider elementor-column elementor-col-100 elementor-top-column elementor-element elementor-element-482b3a20\" data-eae-slider=\"56721\" data-id=\"482b3a20\" data-element_type=\"column\">\n\t\t\t<div class=\"elementor-widget-wrap elementor-element-populated\">\n\t\t\t\t\t\t<div class=\"elementor-element elementor-element-456702fd elementor-widget elementor-widget-spacer\" data-id=\"456702fd\" data-element_type=\"widget\" data-widget_type=\"spacer.default\">\n\t\t\t\t<div class=\"elementor-widget-container\">\n\t\t\t\t\t\t\t<div class=\"elementor-spacer\">\n\t\t\t<div class=\"elementor-spacer-inner\"><\/div>\n\t\t<\/div>\n\t\t\t\t\t\t<\/div>\n\t\t\t\t<\/div>\n\t\t\t\t<div class=\"elementor-element elementor-element-387f8811 elementor-widget elementor-widget-image\" data-id=\"387f8811\" data-element_type=\"widget\" data-widget_type=\"image.default\">\n\t\t\t\t<div class=\"elementor-widget-container\">\n\t\t\t\t\t\t\t\t\t\t\t\t\t\t\t<img loading=\"lazy\" decoding=\"async\" width=\"796\" height=\"140\" src=\"https:\/\/www.adoro-drums.de\/wp-content\/uploads\/2021\/09\/drums-for-exceptional-artists.png\" class=\"attachment-full size-full wp-image-409\" alt=\"\" srcset=\"https:\/\/www.adoro-drums.de\/wp-content\/uploads\/2021\/09\/drums-for-exceptional-artists.png 796w, https:\/\/www.adoro-drums.de\/wp-content\/uploads\/2021\/09\/drums-for-exceptional-artists-300x53.png 300w, https:\/\/www.adoro-drums.de\/wp-content\/uploads\/2021\/09\/drums-for-exceptional-artists-768x135.png 768w, https:\/\/www.adoro-drums.de\/wp-content\/uploads\/2021\/09\/drums-for-exceptional-artists-18x3.png 18w\" sizes=\"(max-width: 796px) 100vw, 796px\" \/>\t\t\t\t\t\t\t\t\t\t\t\t\t\t\t<\/div>\n\t\t\t\t<\/div>\n\t\t\t\t<div class=\"elementor-element elementor-element-26eba0e8 elementor-widget elementor-widget-spacer\" data-id=\"26eba0e8\" data-element_type=\"widget\" data-widget_type=\"spacer.default\">\n\t\t\t\t<div class=\"elementor-widget-container\">\n\t\t\t\t\t\t\t<div class=\"elementor-spacer\">\n\t\t\t<div class=\"elementor-spacer-inner\"><\/div>\n\t\t<\/div>\n\t\t\t\t\t\t<\/div>\n\t\t\t\t<\/div>\n\t\t\t\t\t<\/div>\n\t\t<\/div>\n\t\t\t\t\t<\/div>\n\t\t<\/section>\n\t\t\t\t<\/div>","protected":false},"excerpt":{"rendered":"<p>Adoro Drum Heads Worship Series in a Drum Head&#8230; Hochwertige Schlagzeuge k\u00f6nnen nur so gut klingen wie ihre Felle. Daher produzieren wir f\u00fcr unsere Instrumente auch unsere eigenen Felle, welche wir nun endlich auch als eigenst\u00e4ndiges Produkt anbieten. Dank bew\u00e4hrter Materialien und hervorragender Verarbeitung sind alle unsere Felle von bester Qualit\u00e4t und sehr stimmstabil. Ein [&hellip;]<\/p>","protected":false},"author":1,"featured_media":0,"parent":0,"menu_order":0,"comment_status":"closed","ping_status":"closed","template":"","meta":{"footnotes":""},"class_list":["post-38","page","type-page","status-publish","hentry"],"_links":{"self":[{"href":"https:\/\/www.adoro-drums.de\/en\/wp-json\/wp\/v2\/pages\/38","targetHints":{"allow":["GET"]}}],"collection":[{"href":"https:\/\/www.adoro-drums.de\/en\/wp-json\/wp\/v2\/pages"}],"about":[{"href":"https:\/\/www.adoro-drums.de\/en\/wp-json\/wp\/v2\/types\/page"}],"author":[{"embeddable":true,"href":"https:\/\/www.adoro-drums.de\/en\/wp-json\/wp\/v2\/users\/1"}],"replies":[{"embeddable":true,"href":"https:\/\/www.adoro-drums.de\/en\/wp-json\/wp\/v2\/comments?post=38"}],"version-history":[{"count":89,"href":"https:\/\/www.adoro-drums.de\/en\/wp-json\/wp\/v2\/pages\/38\/revisions"}],"predecessor-version":[{"id":3211,"href":"https:\/\/www.adoro-drums.de\/en\/wp-json\/wp\/v2\/pages\/38\/revisions\/3211"}],"wp:attachment":[{"href":"https:\/\/www.adoro-drums.de\/en\/wp-json\/wp\/v2\/media?parent=38"}],"curies":[{"name":"wp","href":"https:\/\/api.w.org\/{rel}","templated":true}]}}