{"id":49,"date":"2021-09-05T12:16:20","date_gmt":"2021-09-05T10:16:20","guid":{"rendered":"https:\/\/www3.adoro-drums.com\/?page_id=49"},"modified":"2022-09-27T16:21:04","modified_gmt":"2022-09-27T14:21:04","slug":"unsere-kessel","status":"publish","type":"page","link":"https:\/\/www.adoro-drums.de\/en\/unsere-kessel\/","title":{"rendered":"our shells"},"content":{"rendered":"<div data-elementor-type=\"wp-page\" data-elementor-id=\"49\" class=\"elementor elementor-49\" data-elementor-post-type=\"page\">\n\t\t\t\t\t\t<section class=\"has_eae_slider elementor-section elementor-top-section elementor-element elementor-element-4eec791 elementor-section-boxed elementor-section-height-default elementor-section-height-default\" data-eae-slider=\"6968\" data-id=\"4eec791\" data-element_type=\"section\">\n\t\t\t\t\t\t<div class=\"elementor-container elementor-column-gap-default\">\n\t\t\t\t\t<div class=\"has_eae_slider elementor-column elementor-col-100 elementor-top-column elementor-element elementor-element-eb12646\" data-eae-slider=\"55896\" data-id=\"eb12646\" data-element_type=\"column\">\n\t\t\t<div class=\"elementor-widget-wrap elementor-element-populated\">\n\t\t\t\t\t\t<div class=\"elementor-element elementor-element-2f16ec7 elementor-widget elementor-widget-text-editor\" data-id=\"2f16ec7\" data-element_type=\"widget\" data-widget_type=\"text-editor.default\">\n\t\t\t\t<div class=\"elementor-widget-container\">\n\t\t\t\t\t\t\t\t\t<p><img fetchpriority=\"high\" decoding=\"async\" class=\"wp-image-337 size-full aligncenter\" src=\"https:\/\/adoro-drums.com\/wp-content\/uploads\/2021\/09\/shellwe.png\" alt=\"\" width=\"655\" height=\"404\" srcset=\"https:\/\/www.adoro-drums.de\/wp-content\/uploads\/2021\/09\/shellwe.png 655w, https:\/\/www.adoro-drums.de\/wp-content\/uploads\/2021\/09\/shellwe-300x185.png 300w, https:\/\/www.adoro-drums.de\/wp-content\/uploads\/2021\/09\/shellwe-18x12.png 18w\" sizes=\"(max-width: 655px) 100vw, 655px\" \/><\/p>\n<p><img decoding=\"async\" class=\"alignleft wp-image-2936 size-full\" src=\"https:\/\/www.adoro-drums.com\/wp-content\/uploads\/2022\/09\/shells_3.jpg\" alt=\"\" width=\"300\" height=\"284\" srcset=\"https:\/\/www.adoro-drums.de\/wp-content\/uploads\/2022\/09\/shells_3.jpg 300w, https:\/\/www.adoro-drums.de\/wp-content\/uploads\/2022\/09\/shells_3-13x12.jpg 13w\" sizes=\"(max-width: 300px) 100vw, 300px\" \/>Obviously the shell is the part of the drum that has the main attention. While for beginner drum sets it is wiser to settle for working hardware and good drum heads, a decent shell bekomes essential when it comes to \"grown ups\" drum sets. Why is that? Well, of course most of the sound is produced by the drum head itself, and the sound is most influenced by the drummer, his stick, and the sizes and perfection of the drum shell. This brings us as close as up to 90% towards a good drum sound. But if you don't want to settle for less, the shell material itself becomes important. And we are kind of that way. The difference is very much audible, more than you might think in first place. It is not so much that it just sounds better, it  f e e l s  better too. The drums start to speak to you, and hopefully you start to listen. I happen to play less on a great sounding drum set, just because every single sound is so unique, vivid; I want to give it room to breathe.<\/p>\n<p>Viele Mythen ranken sich \u00fcber den Einfluss der Holzsorte auf den Sound. Manche sagen, bestimmte Holzarten eignen sich besonders f\u00fcr bestimmte Musikarten; das stimmt insoweit, wie billige Becken am Besten zu lauter Musik passen (weil man sie da am wenigsten heraush\u00f6rt&#8230;). Wir glauben, dass es nicht so sehr an dem Material des Kessels liegt, besonders, da wir ja schon oben erw\u00e4hnten, dass bis 90% des Klangs von ganz anderen Faktoren beeinflusst werden (haben wir schon das Stimmen erw\u00e4hnt?). Wenn man ein gutes Instrumentenholz hat, funktioniert es in allen Musikarten.&nbsp; Du glaubst es nicht? Spiele unsere Drums an&#8230;<\/p>\n<h1><img decoding=\"async\" class=\"alignright wp-image-2940 size-full\" src=\"https:\/\/www.adoro-drums.com\/wp-content\/uploads\/2022\/09\/press.jpg\" alt=\"\" width=\"200\" height=\"324\" srcset=\"https:\/\/www.adoro-drums.de\/wp-content\/uploads\/2022\/09\/press.jpg 200w, https:\/\/www.adoro-drums.de\/wp-content\/uploads\/2022\/09\/press-185x300.jpg 185w, https:\/\/www.adoro-drums.de\/wp-content\/uploads\/2022\/09\/press-7x12.jpg 7w\" sizes=\"(max-width: 200px) 100vw, 200px\" \/><\/h1>\n<h2><strong>Hot pressed, not stirred.<\/strong><\/h2>\n<p>Adoro is one of very few drum companies in europe to produce their own drum shells -without exploding in costs. We use hot presses to form the shells, as it is actual industrial standard. The shell dries faster, and has less water. This results in a nice, resonating shell, with up to four times thicker plys than many other shells.<\/p>\n<h2><span style=\"color: #008000;\"><strong>Green Drums<\/strong><\/span><\/h2>\n<p>For our custom sets, the material of our choice is beech, which has a long tradition in german drum building. It is harder and heavier than maple, thus giving a nice, deep tone to the shell. It has been the first choice for high end drums since decades and rises to be popular again due to many uprising custom drum companies in germany lately that are willing to not compromise for a good sound.<\/p>\n<p>Our wood is 100% controlled german beech wood, as well as for the many other wood types we use. We avoid using foreign woods if possible: even though the price might be cheaper, the cerosin it takes to transport it to us lets us value our own trees again. We try our best to make all our drums green...<\/p><p><br><\/p>\n<p><img loading=\"lazy\" decoding=\"async\" class=\"alignleft wp-image-2941 size-full\" src=\"https:\/\/www.adoro-drums.com\/wp-content\/uploads\/2022\/09\/bluesnare.jpg\" alt=\"\" width=\"300\" height=\"181\" srcset=\"https:\/\/www.adoro-drums.de\/wp-content\/uploads\/2022\/09\/bluesnare.jpg 300w, https:\/\/www.adoro-drums.de\/wp-content\/uploads\/2022\/09\/bluesnare-18x12.jpg 18w\" sizes=\"(max-width: 300px) 100vw, 300px\" \/><\/p>\n<h2><strong>Built to last<\/strong><\/h2>\n<p>Unsere Schlagzeuge, wie alle guten Instrumente, werden einige Jahrzehnte \u00fcberdauern. Wir sind sehr stolz auf die Tatsache, dass in f\u00fcnfundzwanzig Jahren sicher jemand unsere Instrumente mit Freude spielen wird (hoffentlich mit neueren Fellen). Etwas zu bauen, das so lange erhalten und benutzt wird, viel l\u00e4nger als irgendwelche Trends; ein St\u00fcck Kunst zu schaffen, an dem sich jemand \u00fcber viele Jahrzehnte hinweg erfreut, das ist der Gedanke, der uns antreibt, jeden Tag, mit jedem Kessel, den wir bauen, unser Bestes zu geben. Nicht zuletzt sollen unsere Instrumente die Kreativit\u00e4t unseres Sch\u00f6pfers widerspiegeln, die er in uns gelegt hat, und IHN ehren: <em>Soli Deo Gloria.<\/em><\/p>\n<p><\/p>\t\t\t\t\t\t\t\t<\/div>\n\t\t\t\t<\/div>\n\t\t\t\t<div class=\"elementor-element elementor-element-d0c3fe9 elementor-widget elementor-widget-spacer\" data-id=\"d0c3fe9\" data-element_type=\"widget\" data-widget_type=\"spacer.default\">\n\t\t\t\t<div class=\"elementor-widget-container\">\n\t\t\t\t\t\t\t<div class=\"elementor-spacer\">\n\t\t\t<div class=\"elementor-spacer-inner\"><\/div>\n\t\t<\/div>\n\t\t\t\t\t\t<\/div>\n\t\t\t\t<\/div>\n\t\t\t\t\t<\/div>\n\t\t<\/div>\n\t\t\t\t\t<\/div>\n\t\t<\/section>\n\t\t\t\t<section class=\"has_eae_slider elementor-section elementor-top-section elementor-element elementor-element-3042678 elementor-hidden-desktop elementor-hidden-tablet elementor-hidden-mobile elementor-section-boxed elementor-section-height-default elementor-section-height-default\" data-eae-slider=\"59028\" data-id=\"3042678\" data-element_type=\"section\">\n\t\t\t\t\t\t<div class=\"elementor-container elementor-column-gap-default\">\n\t\t\t\t\t<div class=\"has_eae_slider elementor-column elementor-col-100 elementor-top-column elementor-element elementor-element-3a47248\" data-eae-slider=\"38163\" data-id=\"3a47248\" data-element_type=\"column\">\n\t\t\t<div class=\"elementor-widget-wrap elementor-element-populated\">\n\t\t\t\t\t\t<div class=\"elementor-element elementor-element-4b2c637 elementor-widget elementor-widget-text-editor\" data-id=\"4b2c637\" data-element_type=\"widget\" data-widget_type=\"text-editor.default\">\n\t\t\t\t<div class=\"elementor-widget-container\">\n\t\t\t\t\t\t\t\t\t<div class=\"page\" title=\"Page 4\"><div class=\"section\"><div class=\"layoutArea\"><div class=\"column\"><h2><strong>It\u02bbs in the Detail.<\/strong><\/h2><p><img loading=\"lazy\" decoding=\"async\" class=\"alignnone size-medium wp-image-1516\" src=\"http:\/\/www3.adoro-drums.com\/wp-content\/uploads\/2021\/09\/fuss_adoro-300x177.png\" alt=\"\" width=\"300\" height=\"177\" srcset=\"https:\/\/www.adoro-drums.de\/wp-content\/uploads\/2021\/09\/fuss_adoro-300x177.png 300w, https:\/\/www.adoro-drums.de\/wp-content\/uploads\/2021\/09\/fuss_adoro-1024x603.png 1024w, https:\/\/www.adoro-drums.de\/wp-content\/uploads\/2021\/09\/fuss_adoro-768x452.png 768w, https:\/\/www.adoro-drums.de\/wp-content\/uploads\/2021\/09\/fuss_adoro-18x12.png 18w, https:\/\/www.adoro-drums.de\/wp-content\/uploads\/2021\/09\/fuss_adoro.png 1230w\" sizes=\"(max-width: 300px) 100vw, 300px\" \/><\/p><p>I admit, we love small bass drums, mainly for sound reasons. So our bass drums sized 20\u201c and smaller come with our very own bass drum riser. This is the most simple riser on the market, and it enables you to adjust the foot machine in height and distance, a small cut-off at the hoop allows a perfect positioning. - By now we don\u2018t know any other product that can do that trick.<\/p><p><img loading=\"lazy\" decoding=\"async\" class=\"alignnone size-medium wp-image-1515\" src=\"http:\/\/www3.adoro-drums.com\/wp-content\/uploads\/2021\/09\/felle_sortiment-300x193.png\" alt=\"\" width=\"300\" height=\"193\" srcset=\"https:\/\/www.adoro-drums.de\/wp-content\/uploads\/2021\/09\/felle_sortiment-300x193.png 300w, https:\/\/www.adoro-drums.de\/wp-content\/uploads\/2021\/09\/felle_sortiment-1024x660.png 1024w, https:\/\/www.adoro-drums.de\/wp-content\/uploads\/2021\/09\/felle_sortiment-768x495.png 768w, https:\/\/www.adoro-drums.de\/wp-content\/uploads\/2021\/09\/felle_sortiment-18x12.png 18w, https:\/\/www.adoro-drums.de\/wp-content\/uploads\/2021\/09\/felle_sortiment.png 1298w\" sizes=\"(max-width: 300px) 100vw, 300px\" \/><\/p><p>For our drums we also developed our own drum heads, especially the heritage heads with significant less attack and more body in sound than regular heads. Those can also be purchased separately, of course.<\/p><p><img loading=\"lazy\" decoding=\"async\" class=\"alignnone size-medium wp-image-1514\" src=\"http:\/\/www3.adoro-drums.com\/wp-content\/uploads\/2021\/09\/kessel_walnut-300x204.png\" alt=\"\" width=\"300\" height=\"204\" srcset=\"https:\/\/www.adoro-drums.de\/wp-content\/uploads\/2021\/09\/kessel_walnut-300x204.png 300w, https:\/\/www.adoro-drums.de\/wp-content\/uploads\/2021\/09\/kessel_walnut-1024x697.png 1024w, https:\/\/www.adoro-drums.de\/wp-content\/uploads\/2021\/09\/kessel_walnut-768x523.png 768w, https:\/\/www.adoro-drums.de\/wp-content\/uploads\/2021\/09\/kessel_walnut-18x12.png 18w, https:\/\/www.adoro-drums.de\/wp-content\/uploads\/2021\/09\/kessel_walnut.png 1272w\" sizes=\"(max-width: 300px) 100vw, 300px\" \/><\/p><p>Many choices: Snare drum shells are also available in 4, 5, 6, 9 and 12mm beech wood. Reinforcement rings are optional; they support the strength of thin shells, and give projection to the sound.<\/p><p><img loading=\"lazy\" decoding=\"async\" class=\"alignnone size-medium wp-image-1513\" src=\"http:\/\/www3.adoro-drums.com\/wp-content\/uploads\/2021\/09\/kesselgratungen-300x198.png\" alt=\"\" width=\"300\" height=\"198\" srcset=\"https:\/\/www.adoro-drums.de\/wp-content\/uploads\/2021\/09\/kesselgratungen-300x198.png 300w, https:\/\/www.adoro-drums.de\/wp-content\/uploads\/2021\/09\/kesselgratungen-1024x675.png 1024w, https:\/\/www.adoro-drums.de\/wp-content\/uploads\/2021\/09\/kesselgratungen-768x506.png 768w, https:\/\/www.adoro-drums.de\/wp-content\/uploads\/2021\/09\/kesselgratungen-18x12.png 18w, https:\/\/www.adoro-drums.de\/wp-content\/uploads\/2021\/09\/kesselgratungen.png 1274w\" sizes=\"(max-width: 300px) 100vw, 300px\" \/><\/p><p>We use bearing edges with 45\u00b0 from in- side, the batter side a bit rounder than the bottom, and thicker shells rounder than thin shells. Thus the energy put into the drum head can be absorbed by the shell at an optimum. While this works perfect for 99% of the jobs, we of course also offer any other custom bearing edge.<\/p><\/div><\/div><\/div><\/div>\t\t\t\t\t\t\t\t<\/div>\n\t\t\t\t<\/div>\n\t\t\t\t\t<\/div>\n\t\t<\/div>\n\t\t\t\t\t<\/div>\n\t\t<\/section>\n\t\t\t\t<section class=\"has_eae_slider elementor-section elementor-top-section elementor-element elementor-element-fa5739c elementor-section-boxed elementor-section-height-default elementor-section-height-default\" data-eae-slider=\"37133\" data-id=\"fa5739c\" data-element_type=\"section\">\n\t\t\t\t\t\t<div class=\"elementor-container elementor-column-gap-default\">\n\t\t\t\t\t<div class=\"has_eae_slider elementor-column elementor-col-100 elementor-top-column elementor-element elementor-element-e66bc52\" data-eae-slider=\"51871\" data-id=\"e66bc52\" data-element_type=\"column\">\n\t\t\t<div class=\"elementor-widget-wrap elementor-element-populated\">\n\t\t\t\t\t\t<div class=\"elementor-element elementor-element-8378d95 elementor-widget elementor-widget-spacer\" data-id=\"8378d95\" data-element_type=\"widget\" data-widget_type=\"spacer.default\">\n\t\t\t\t<div class=\"elementor-widget-container\">\n\t\t\t\t\t\t\t<div class=\"elementor-spacer\">\n\t\t\t<div class=\"elementor-spacer-inner\"><\/div>\n\t\t<\/div>\n\t\t\t\t\t\t<\/div>\n\t\t\t\t<\/div>\n\t\t\t\t<div class=\"elementor-element elementor-element-4df8ccc elementor-widget elementor-widget-image\" data-id=\"4df8ccc\" data-element_type=\"widget\" data-widget_type=\"image.default\">\n\t\t\t\t<div class=\"elementor-widget-container\">\n\t\t\t\t\t\t\t\t\t\t\t\t\t\t\t<img loading=\"lazy\" decoding=\"async\" width=\"796\" height=\"140\" src=\"https:\/\/www.adoro-drums.de\/wp-content\/uploads\/2021\/09\/drums-for-exceptional-artists.png\" class=\"attachment-full size-full wp-image-409\" alt=\"\" srcset=\"https:\/\/www.adoro-drums.de\/wp-content\/uploads\/2021\/09\/drums-for-exceptional-artists.png 796w, https:\/\/www.adoro-drums.de\/wp-content\/uploads\/2021\/09\/drums-for-exceptional-artists-300x53.png 300w, https:\/\/www.adoro-drums.de\/wp-content\/uploads\/2021\/09\/drums-for-exceptional-artists-768x135.png 768w, https:\/\/www.adoro-drums.de\/wp-content\/uploads\/2021\/09\/drums-for-exceptional-artists-18x3.png 18w\" sizes=\"(max-width: 796px) 100vw, 796px\" \/>\t\t\t\t\t\t\t\t\t\t\t\t\t\t\t<\/div>\n\t\t\t\t<\/div>\n\t\t\t\t<div class=\"elementor-element elementor-element-f9e148c elementor-widget elementor-widget-spacer\" data-id=\"f9e148c\" data-element_type=\"widget\" data-widget_type=\"spacer.default\">\n\t\t\t\t<div class=\"elementor-widget-container\">\n\t\t\t\t\t\t\t<div class=\"elementor-spacer\">\n\t\t\t<div class=\"elementor-spacer-inner\"><\/div>\n\t\t<\/div>\n\t\t\t\t\t\t<\/div>\n\t\t\t\t<\/div>\n\t\t\t\t\t<\/div>\n\t\t<\/div>\n\t\t\t\t\t<\/div>\n\t\t<\/section>\n\t\t\t\t<\/div>","protected":false},"excerpt":{"rendered":"<p>Der Kessel ist der Teil des Schlagzeuges, dem heute sicherlich die gr\u00f6\u00dfte Aufmerksamkeit gilt. W\u00e4hrend es bei Einsteiger-Sets sich eher empfiehlt, mehr auf gut verarbeitete Hardware und gute Felle zu achten, wird ein guter Kessel essentiell, wenn es um &#8222;erwachsene&#8220; Drum Sets dreht. Warum das? Nat\u00fcrlich wird der Sound am st\u00e4rksten durch das verwendete Fell, [&hellip;]<\/p>","protected":false},"author":1,"featured_media":337,"parent":0,"menu_order":0,"comment_status":"closed","ping_status":"closed","template":"elementor_theme","meta":{"footnotes":""},"class_list":["post-49","page","type-page","status-publish","has-post-thumbnail","hentry"],"_links":{"self":[{"href":"https:\/\/www.adoro-drums.de\/en\/wp-json\/wp\/v2\/pages\/49","targetHints":{"allow":["GET"]}}],"collection":[{"href":"https:\/\/www.adoro-drums.de\/en\/wp-json\/wp\/v2\/pages"}],"about":[{"href":"https:\/\/www.adoro-drums.de\/en\/wp-json\/wp\/v2\/types\/page"}],"author":[{"embeddable":true,"href":"https:\/\/www.adoro-drums.de\/en\/wp-json\/wp\/v2\/users\/1"}],"replies":[{"embeddable":true,"href":"https:\/\/www.adoro-drums.de\/en\/wp-json\/wp\/v2\/comments?post=49"}],"version-history":[{"count":59,"href":"https:\/\/www.adoro-drums.de\/en\/wp-json\/wp\/v2\/pages\/49\/revisions"}],"predecessor-version":[{"id":2945,"href":"https:\/\/www.adoro-drums.de\/en\/wp-json\/wp\/v2\/pages\/49\/revisions\/2945"}],"wp:featuredmedia":[{"embeddable":true,"href":"https:\/\/www.adoro-drums.de\/en\/wp-json\/wp\/v2\/media\/337"}],"wp:attachment":[{"href":"https:\/\/www.adoro-drums.de\/en\/wp-json\/wp\/v2\/media?parent=49"}],"curies":[{"name":"wp","href":"https:\/\/api.w.org\/{rel}","templated":true}]}}